{"id":71747,"date":"2017-11-15T22:25:11","date_gmt":"2017-11-15T22:25:11","guid":{"rendered":"https:\/\/www.skippercity.com\/contacte-nos\/"},"modified":"2025-03-22T22:25:07","modified_gmt":"2025-03-22T22:25:07","slug":"contacte-nos","status":"publish","type":"page","link":"https:\/\/skippercity.com\/pt-br\/contacte-nos\/","title":{"rendered":"Contacte-nos"},"content":{"rendered":"\t\t<div data-elementor-type=\"wp-page\" data-elementor-id=\"71747\" class=\"elementor elementor-71747 elementor-1503\" data-elementor-post-type=\"page\">\n\t\t\t\t<div class=\"elementor-element elementor-element-5ee8829a e-con-full e-flex e-con e-parent\" data-id=\"5ee8829a\" data-element_type=\"container\" data-e-type=\"container\" data-settings=\"{&quot;background_background&quot;:&quot;classic&quot;}\">\n\t\t\t\t<div class=\"elementor-element elementor-element-29972400 elementor-widget elementor-widget-heading\" data-id=\"29972400\" data-element_type=\"widget\" data-e-type=\"widget\" data-widget_type=\"heading.default\">\n\t\t\t\t<div class=\"elementor-widget-container\">\n\t\t\t\t\t<h1 class=\"elementor-heading-title elementor-size-default\">Entre em contato com a SkipperCity - Seus especialistas em aluguel de iates na Cro\u00e1cia<\/h1>\t\t\t\t<\/div>\n\t\t\t\t<\/div>\n\t\t\t\t<\/div>\n\t\t<div class=\"elementor-element elementor-element-894d52f e-con-full e-flex e-con e-parent\" data-id=\"894d52f\" data-element_type=\"container\" data-e-type=\"container\">\n\t\t<div class=\"elementor-element elementor-element-382053af e-con-full e-flex e-con e-child\" data-id=\"382053af\" data-element_type=\"container\" data-e-type=\"container\">\n\t\t\t\t<div class=\"elementor-element elementor-element-5e2d7f0c elementor-widget-divider--view-line elementor-widget elementor-widget-divider\" data-id=\"5e2d7f0c\" data-element_type=\"widget\" data-e-type=\"widget\" data-widget_type=\"divider.default\">\n\t\t\t\t<div class=\"elementor-widget-container\">\n\t\t\t\t\t\t\t<div class=\"elementor-divider\">\n\t\t\t<span class=\"elementor-divider-separator\">\n\t\t\t\t\t\t<\/span>\n\t\t<\/div>\n\t\t\t\t\t\t<\/div>\n\t\t\t\t<\/div>\n\t\t\t\t<\/div>\n\t\t\t\t<\/div>\n\t\t<div class=\"elementor-element elementor-element-79de9934 e-con-full e-flex e-con e-parent\" data-id=\"79de9934\" data-element_type=\"container\" data-e-type=\"container\">\n\t\t<div class=\"elementor-element elementor-element-9241096 e-con-full e-flex e-con e-child\" data-id=\"9241096\" data-element_type=\"container\" data-e-type=\"container\">\n\t\t\t\t<div class=\"elementor-element elementor-element-a2c8bc7 elementor-widget elementor-widget-text-editor\" data-id=\"a2c8bc7\" data-element_type=\"widget\" data-e-type=\"widget\" data-widget_type=\"text-editor.default\">\n\t\t\t\t<div class=\"elementor-widget-container\">\n\t\t\t\t\t\t\t\t\t<p data-pm-slice=\"1 1 []\">Na SkipperCity, somos especializados em criar experi\u00eancias inesquec\u00edveis de aluguel de iates na Cro\u00e1cia. Se voc\u00ea est\u00e1 pronto para zarpar ou simplesmente tem d\u00favidas, nossa equipe dedicada est\u00e1 aqui para ajud\u00e1-lo em cada etapa do processo. <\/p>\n<p>Acreditamos em oferecer um servi\u00e7o personalizado, respostas r\u00e1pidas e conhecimento especializado para tornar sua aventura de navega\u00e7\u00e3o perfeita e sem estresse.<\/p>\n<div>\n<hr>\n<\/div>\n<h2><strong>Entre em contato<\/strong><\/h2>\n<p>Gostar\u00edamos muito de ouvir de voc\u00ea! Use o formul\u00e1rio de contato abaixo ou entre em contato diretamente por e-mail ou telefone. <\/p>\n<ul data-spread=\"false\">\n<li>\n<p><strong>Endere\u00e7o do escrit\u00f3rio:<\/strong> SkipperCity.com, Blackbird One Ltd., 5 Secretary&#8217;s Lane, Gibraltar GX11 1AA<\/p>\n<\/li>\n<li>\n<p><strong>Telefone:<\/strong> +386 40 873 520<\/p>\n<\/li>\n<li>\n<p><strong>E-mail:<\/strong> <a>info@skippercity.com<\/a><\/p>\n<\/li>\n<\/ul>\n<p><strong>Hor\u00e1rio comercial:<\/strong><\/p>\n<ul data-spread=\"false\">\n<li>\n<p>Segunda a sexta-feira: 9:00 AM &#8211; 6:00 PM (CET)<\/p>\n<\/li>\n<\/ul>\n<div>\n<hr>\n<\/div>\n<h2><strong>Por que escolher a SkipperCity?<\/strong><\/h2>\n<ul data-spread=\"false\">\n<li>\n<p>Mais de 10 anos de experi\u00eancia em aluguel de iates na Cro\u00e1cia<\/p>\n<\/li>\n<li>\n<p>Iates de luxo, catamar\u00e3s e barcos a vela dispon\u00edveis<\/p>\n<\/li>\n<li>\n<p>Itiner\u00e1rios de navega\u00e7\u00e3o personalizados com experi\u00eancia local<\/p>\n<\/li>\n<li>\n<p>Equipe dedicada de suporte ao cliente<\/p>\n<\/li>\n<\/ul>\n<div>\n<hr>\n<\/div>\n<h2>Detalhes gerais da empresa<\/h2>\n<p><strong>Nome da empresa:<\/strong> Blackbird One Ltd.<\/p>\n<p><strong>Escrit\u00f3rio registrado:<\/strong> 5 Secretary&#8217;s Lane, Gibraltar GX11 1AA<\/p>\n<p><strong>N\u00famero da empresa:<\/strong> 114712<\/p>\n<p><strong>N\u00famero de IVA:<\/strong> GI665887<\/p>\n<p><strong>Tipo de empresa:<\/strong> Empresa privada limitada por a\u00e7\u00f5es<\/p>\n<p><strong>Data de incorpora\u00e7\u00e3o:<\/strong> Quarta-feira, 3 de agosto de 2016<\/p>\n<p><strong>C\u00f3digo Universal da Entidade:<\/strong> 1218-0731-6129-3170<\/p>\n<hr class=\"\" data-start=\"1818\" data-end=\"1821\">\n\t\t\t\t\t\t\t\t<\/div>\n\t\t\t\t<\/div>\n\t\t\t\t<div class=\"elementor-element elementor-element-1eacc25 elementor-widget elementor-widget-text-editor\" data-id=\"1eacc25\" data-element_type=\"widget\" data-e-type=\"widget\" data-widget_type=\"text-editor.default\">\n\t\t\t\t<div class=\"elementor-widget-container\">\n\t\t\t\t\t\t\t\t\t<h2>Aqui est\u00e1 uma maneira f\u00e1cil de nos contactar<\/h2>\n<p>Preencha o formul\u00e1rio abaixo e entraremos em contato com voc\u00ea o mais r\u00e1pido poss\u00edvel.<\/p>\n<p><em data-start=\"1097\" data-end=\"1136\">Normalmente, respondemos dentro de 24 horas.<\/em><\/p>\n\t\t\t\t\t\t\t\t<\/div>\n\t\t\t\t<\/div>\n\t\t\t\t<div class=\"elementor-element elementor-element-edcfc63 elementor-button-align-end elementor-widget elementor-widget-form\" data-id=\"edcfc63\" data-element_type=\"widget\" data-e-type=\"widget\" data-settings=\"{&quot;step_next_label&quot;:&quot;Pr\\u00f3ximo&quot;,&quot;step_previous_label&quot;:&quot;Anterior&quot;,&quot;button_width&quot;:&quot;100&quot;,&quot;step_type&quot;:&quot;number_text&quot;,&quot;step_icon_shape&quot;:&quot;circle&quot;}\" data-widget_type=\"form.default\">\n\t\t\t\t<div class=\"elementor-widget-container\">\n\t\t\t\t\t\t\t<form class=\"elementor-form\" method=\"post\" name=\"Contacte-nos\" aria-label=\"Contacte-nos\">\n\t\t\t<input type=\"hidden\" name=\"post_id\" value=\"71747\"\/>\n\t\t\t<input type=\"hidden\" name=\"form_id\" value=\"edcfc63\"\/>\n\t\t\t<input type=\"hidden\" name=\"referer_title\" value=\"Entre em contato com a SkipperCity | Fretamento de iates por especialistas na Cro\u00e1cia\" \/>\n\n\t\t\t\t\t\t\t<input type=\"hidden\" name=\"queried_id\" value=\"71747\"\/>\n\t\t\t\n\t\t\t<div class=\"elementor-form-fields-wrapper elementor-labels-above\">\n\t\t\t\t\t\t\t\t<div class=\"elementor-field-type-text elementor-field-group elementor-column elementor-field-group-name elementor-col-50 elementor-field-required elementor-mark-required\">\n\t\t\t\t\t\t\t\t\t\t\t\t\t<input size=\"1\" type=\"text\" name=\"form_fields[name]\" id=\"form-field-name\" class=\"elementor-field elementor-size-md  elementor-field-textual\" placeholder=\"O seu nome completo\" required=\"required\">\n\t\t\t\t\t\t\t\t\t\t\t<\/div>\n\t\t\t\t\t\t\t\t<div class=\"elementor-field-type-email elementor-field-group elementor-column elementor-field-group-email elementor-col-50 elementor-field-required elementor-mark-required\">\n\t\t\t\t\t\t\t\t\t\t\t\t\t<input size=\"1\" type=\"email\" name=\"form_fields[email]\" id=\"form-field-email\" class=\"elementor-field elementor-size-md  elementor-field-textual\" placeholder=\"O seu e-mail\" required=\"required\">\n\t\t\t\t\t\t\t\t\t\t\t<\/div>\n\t\t\t\t\t\t\t\t<div class=\"elementor-field-type-textarea elementor-field-group elementor-column elementor-field-group-message elementor-col-100 elementor-field-required elementor-mark-required\">\n\t\t\t\t\t<textarea class=\"elementor-field-textual elementor-field  elementor-size-md\" name=\"form_fields[message]\" id=\"form-field-message\" rows=\"4\" placeholder=\"Como podemos ajud\u00e1-los?\" required=\"required\"><\/textarea>\t\t\t\t<\/div>\n\t\t\t\t\t\t\t\t<div class=\"elementor-field-type-recaptcha_v3 elementor-field-group elementor-column elementor-field-group-field_5be8171 elementor-col-100 recaptcha_v3-bottomright\">\n\t\t\t\t\t<div class=\"elementor-field\" id=\"form-field-field_5be8171\"><div class=\"elementor-g-recaptcha\" data-sitekey=\"6LfHt6kZAAAAANj-dshT1u2Pnh9JOR8ReW8dzxG1\" data-type=\"v3\" data-action=\"Form\" data-badge=\"bottomright\" data-size=\"invisible\"><\/div><\/div>\t\t\t\t<\/div>\n\t\t\t\t\t\t\t\t<div class=\"elementor-field-group elementor-column elementor-field-type-submit elementor-col-100 e-form__buttons\">\n\t\t\t\t\t<button class=\"elementor-button elementor-size-sm\" type=\"submit\">\n\t\t\t\t\t\t<span class=\"elementor-button-content-wrapper\">\n\t\t\t\t\t\t\t\t\t\t\t\t\t\t\t\t\t\t\t\t\t\t<span class=\"elementor-button-text\">Enviar<\/span>\n\t\t\t\t\t\t\t\t\t\t\t\t\t<\/span>\n\t\t\t\t\t<\/button>\n\t\t\t\t<\/div>\n\t\t\t<\/div>\n\t\t<\/form>\n\t\t\t\t\t\t<\/div>\n\t\t\t\t<\/div>\n\t\t\t\t<\/div>\n\t\t<div class=\"elementor-element elementor-element-7ae4eb58 e-con-full e-flex e-con e-child\" data-id=\"7ae4eb58\" data-element_type=\"container\" data-e-type=\"container\">\n\t\t\t\t<div class=\"elementor-element elementor-element-3ef887c6 elementor-widget elementor-widget-template\" data-id=\"3ef887c6\" data-element_type=\"widget\" data-e-type=\"widget\" data-widget_type=\"template.default\">\n\t\t\t\t<div class=\"elementor-widget-container\">\n\t\t\t\t\t\t\t<div class=\"elementor-template\">\n\t\t\t\t\t<div data-elementor-type=\"section\" data-elementor-id=\"77219\" class=\"elementor elementor-77219 elementor-76339\" data-elementor-post-type=\"elementor_library\">\n\t\t\t\t\t<section class=\"elementor-section elementor-inner-section elementor-element elementor-element-457e679b elementor-section-full_width elementor-section-height-min-height elementor-section-content-middle elementor-section-height-default\" data-id=\"457e679b\" data-element_type=\"section\" data-e-type=\"section\" data-settings=\"{&quot;background_background&quot;:&quot;classic&quot;}\">\n\t\t\t\t\t\t\t<div class=\"elementor-background-overlay\"><\/div>\n\t\t\t\t\t\t\t<div class=\"elementor-container elementor-column-gap-default\">\n\t\t\t\t\t<div class=\"elementor-column elementor-col-100 elementor-inner-column elementor-element elementor-element-33d83c77\" data-id=\"33d83c77\" data-element_type=\"column\" data-e-type=\"column\">\n\t\t\t<div class=\"elementor-widget-wrap elementor-element-populated\">\n\t\t\t\t\t\t<div class=\"elementor-element elementor-element-26c46f13 elementor-widget elementor-widget-text-editor\" data-id=\"26c46f13\" data-element_type=\"widget\" data-e-type=\"widget\" data-widget_type=\"text-editor.default\">\n\t\t\t\t<div class=\"elementor-widget-container\">\n\t\t\t\t\t\t\t\t\t<p style=\"text-align: center;\">Procurando um barco?<\/p>\n\t\t\t\t\t\t\t\t<\/div>\n\t\t\t\t<\/div>\n\t\t\t\t<div class=\"elementor-element elementor-element-7116d3fc elementor-align-center elementor-widget elementor-widget-button\" data-id=\"7116d3fc\" data-element_type=\"widget\" data-e-type=\"widget\" data-widget_type=\"button.default\">\n\t\t\t\t<div class=\"elementor-widget-container\">\n\t\t\t\t\t\t\t\t\t<div class=\"elementor-button-wrapper\">\n\t\t\t\t\t<a class=\"elementor-button elementor-button-link elementor-size-md\" href=\"https:\/\/skippercity.com\/pt-br\/obter-uma-cotacao-de-aluguer-de-iates-croacia\/\" target=\"_blank\">\n\t\t\t\t\t\t<span class=\"elementor-button-content-wrapper\">\n\t\t\t\t\t\t\t\t\t<span class=\"elementor-button-text\">OBTER UM OR\u00c7AMENTO GRATUITO<\/span>\n\t\t\t\t\t<\/span>\n\t\t\t\t\t<\/a>\n\t\t\t\t<\/div>\n\t\t\t\t\t\t\t\t<\/div>\n\t\t\t\t<\/div>\n\t\t\t\t\t<\/div>\n\t\t<\/div>\n\t\t\t\t\t<\/div>\n\t\t<\/section>\n\t\t\t\t<\/div>\n\t\t\t\t<\/div>\n\t\t\t\t\t\t<\/div>\n\t\t\t\t<\/div>\n\t\t\t\t<\/div>\n\t\t\t\t<\/div>\n\t\t\t\t<\/div>\n\t\t","protected":false},"excerpt":{"rendered":"<p>A SkipperCity \u00e9 o seu parceiro de confian\u00e7a para o aluguel de iates inesquec\u00edveis na Cro\u00e1cia. Com uma d\u00e9cada de experi\u00eancia, atendimento excepcional ao cliente e itiner\u00e1rios de navega\u00e7\u00e3o personalizados, estamos aqui para ajudar voc\u00ea a criar suas f\u00e9rias de navega\u00e7\u00e3o perfeitas ao longo da deslumbrante costa do Adri\u00e1tico. <\/p>\n","protected":false},"author":2,"featured_media":71503,"parent":0,"menu_order":0,"comment_status":"closed","ping_status":"closed","template":"","meta":{"footnotes":""},"class_list":["post-71747","page","type-page","status-publish","has-post-thumbnail","hentry"],"_links":{"self":[{"href":"https:\/\/skippercity.com\/pt-br\/wp-json\/wp\/v2\/pages\/71747","targetHints":{"allow":["GET"]}}],"collection":[{"href":"https:\/\/skippercity.com\/pt-br\/wp-json\/wp\/v2\/pages"}],"about":[{"href":"https:\/\/skippercity.com\/pt-br\/wp-json\/wp\/v2\/types\/page"}],"author":[{"embeddable":true,"href":"https:\/\/skippercity.com\/pt-br\/wp-json\/wp\/v2\/users\/2"}],"replies":[{"embeddable":true,"href":"https:\/\/skippercity.com\/pt-br\/wp-json\/wp\/v2\/comments?post=71747"}],"version-history":[{"count":0,"href":"https:\/\/skippercity.com\/pt-br\/wp-json\/wp\/v2\/pages\/71747\/revisions"}],"wp:featuredmedia":[{"embeddable":true,"href":"https:\/\/skippercity.com\/pt-br\/wp-json\/wp\/v2\/media\/71503"}],"wp:attachment":[{"href":"https:\/\/skippercity.com\/pt-br\/wp-json\/wp\/v2\/media?parent=71747"}],"curies":[{"name":"wp","href":"https:\/\/api.w.org\/{rel}","templated":true}]}}