{"id":71847,"date":"2017-11-15T23:12:15","date_gmt":"2017-11-15T23:12:15","guid":{"rendered":"https:\/\/www.skippercity.com\/velejar-na-croacia-e-divertido-inspire-se\/"},"modified":"2024-02-29T15:13:20","modified_gmt":"2024-02-29T15:13:20","slug":"velejar-na-croacia-e-divertido-inspire-se","status":"publish","type":"page","link":"https:\/\/skippercity.com\/pt-br\/velejar-na-croacia-e-divertido-inspire-se\/","title":{"rendered":"Navegar na Cro\u00e1cia \u00e9 divertido; Se Inspire"},"content":{"rendered":"\t\t<div data-elementor-type=\"wp-page\" data-elementor-id=\"71847\" class=\"elementor elementor-71847 elementor-1583\" data-elementor-post-type=\"page\">\n\t\t\t\t<div class=\"elementor-element elementor-element-73e7b46 e-con-full e-flex e-con e-parent\" data-id=\"73e7b46\" data-element_type=\"container\" data-e-type=\"container\" data-settings=\"{&quot;background_background&quot;:&quot;classic&quot;}\">\n\t\t\t\t<\/div>\n\t\t\t\t<section class=\"elementor-section elementor-top-section elementor-element elementor-element-c4c2e00 elementor-section-full_width elementor-section-height-default elementor-section-height-default\" data-id=\"c4c2e00\" data-element_type=\"section\" data-e-type=\"section\">\n\t\t\t\t\t\t<div class=\"elementor-container elementor-column-gap-default\">\n\t\t\t\t\t<div class=\"elementor-column elementor-col-25 elementor-top-column elementor-element elementor-element-4544b0c1\" data-id=\"4544b0c1\" data-element_type=\"column\" data-e-type=\"column\">\n\t\t\t<div class=\"elementor-widget-wrap elementor-element-populated\">\n\t\t\t\t\t\t<div class=\"elementor-element elementor-element-71d12fdb elementor-toc--minimized-on-tablet elementor-widget elementor-widget-table-of-contents\" data-id=\"71d12fdb\" data-element_type=\"widget\" data-e-type=\"widget\" data-settings=\"{&quot;exclude_headings_by_selector&quot;:[],&quot;marker_view&quot;:&quot;bullets&quot;,&quot;headings_by_tags&quot;:[&quot;h2&quot;,&quot;h3&quot;,&quot;h4&quot;,&quot;h5&quot;,&quot;h6&quot;],&quot;icon&quot;:{&quot;value&quot;:&quot;fas fa-circle&quot;,&quot;library&quot;:&quot;fa-solid&quot;,&quot;rendered_tag&quot;:&quot;&lt;svg class=\\&quot;e-font-icon-svg e-fas-circle\\&quot; viewBox=\\&quot;0 0 512 512\\&quot; xmlns=\\&quot;http:\\\/\\\/www.w3.org\\\/2000\\\/svg\\&quot;&gt;&lt;path d=\\&quot;M256 8C119 8 8 119 8 256s111 248 248 248 248-111 248-248S393 8 256 8z\\&quot;&gt;&lt;\\\/path&gt;&lt;\\\/svg&gt;&quot;},&quot;no_headings_message&quot;:&quot;N\\u00e3o foram encontrados cabe\\u00e7alhos nesta p\\u00e1gina.&quot;,&quot;minimize_box&quot;:&quot;yes&quot;,&quot;minimized_on&quot;:&quot;tablet&quot;,&quot;hierarchical_view&quot;:&quot;yes&quot;,&quot;min_height&quot;:{&quot;unit&quot;:&quot;px&quot;,&quot;size&quot;:&quot;&quot;,&quot;sizes&quot;:[]},&quot;min_height_tablet&quot;:{&quot;unit&quot;:&quot;px&quot;,&quot;size&quot;:&quot;&quot;,&quot;sizes&quot;:[]},&quot;min_height_mobile&quot;:{&quot;unit&quot;:&quot;px&quot;,&quot;size&quot;:&quot;&quot;,&quot;sizes&quot;:[]}}\" data-widget_type=\"table-of-contents.default\">\n\t\t\t\t<div class=\"elementor-widget-container\">\n\t\t\t\t\t\t\t\t\t<div class=\"elementor-toc__header\">\n\t\t\t\t\t\t<h4 class=\"elementor-toc__header-title\">\n\t\t\t\tTabela de Conte\u00fados\t\t\t<\/h4>\n\t\t\t\t\t\t\t\t\t\t<div class=\"elementor-toc__toggle-button elementor-toc__toggle-button--expand\" role=\"button\" tabindex=\"0\" aria-controls=\"elementor-toc__71d12fdb\" aria-expanded=\"true\" aria-label=\"Abrir Tabela de Conte\u00fados\"><svg aria-hidden=\"true\" class=\"e-font-icon-svg e-fas-chevron-down\" viewBox=\"0 0 448 512\" xmlns=\"http:\/\/www.w3.org\/2000\/svg\"><path d=\"M207.029 381.476L12.686 187.132c-9.373-9.373-9.373-24.569 0-33.941l22.667-22.667c9.357-9.357 24.522-9.375 33.901-.04L224 284.505l154.745-154.021c9.379-9.335 24.544-9.317 33.901.04l22.667 22.667c9.373 9.373 9.373 24.569 0 33.941L240.971 381.476c-9.373 9.372-24.569 9.372-33.942 0z\"><\/path><\/svg><\/div>\n\t\t\t\t<div class=\"elementor-toc__toggle-button elementor-toc__toggle-button--collapse\" role=\"button\" tabindex=\"0\" aria-controls=\"elementor-toc__71d12fdb\" aria-expanded=\"true\" aria-label=\"Fechar Tabela de Conte\u00fados\"><svg aria-hidden=\"true\" class=\"e-font-icon-svg e-fas-chevron-up\" viewBox=\"0 0 448 512\" xmlns=\"http:\/\/www.w3.org\/2000\/svg\"><path d=\"M240.971 130.524l194.343 194.343c9.373 9.373 9.373 24.569 0 33.941l-22.667 22.667c-9.357 9.357-24.522 9.375-33.901.04L224 227.495 69.255 381.516c-9.379 9.335-24.544 9.317-33.901-.04l-22.667-22.667c-9.373-9.373-9.373-24.569 0-33.941L207.03 130.525c9.372-9.373 24.568-9.373 33.941-.001z\"><\/path><\/svg><\/div>\n\t\t\t\t\t<\/div>\n\t\t\t\t<div id=\"elementor-toc__71d12fdb\" class=\"elementor-toc__body\">\n\t\t\t<div class=\"elementor-toc__spinner-container\">\n\t\t\t\t<svg class=\"elementor-toc__spinner eicon-animation-spin e-font-icon-svg e-eicon-loading\" aria-hidden=\"true\" viewBox=\"0 0 1000 1000\" xmlns=\"http:\/\/www.w3.org\/2000\/svg\"><path d=\"M500 975V858C696 858 858 696 858 500S696 142 500 142 142 304 142 500H25C25 237 238 25 500 25S975 237 975 500 763 975 500 975Z\"><\/path><\/svg>\t\t\t<\/div>\n\t\t<\/div>\n\t\t\t\t\t\t<\/div>\n\t\t\t\t<\/div>\n\t\t\t\t\t<\/div>\n\t\t<\/div>\n\t\t\t\t<div class=\"elementor-column elementor-col-50 elementor-top-column elementor-element elementor-element-7707a56\" data-id=\"7707a56\" data-element_type=\"column\" data-e-type=\"column\">\n\t\t\t<div class=\"elementor-widget-wrap elementor-element-populated\">\n\t\t\t\t\t\t<div class=\"elementor-element elementor-element-305b22d8 elementor-widget elementor-widget-text-editor\" data-id=\"305b22d8\" data-element_type=\"widget\" data-e-type=\"widget\" data-widget_type=\"text-editor.default\">\n\t\t\t\t<div class=\"elementor-widget-container\">\n\t\t\t\t\t\t\t\t\t<div class=\"markdown markdown-main-panel ui-v2-enabled\" dir=\"ltr\">\n<h1 data-sourcepos=\"1:1-1:69\">Velejar na Cro\u00e1cia \u00e9 divertido! Inspire-se!<\/h1>\n<h2 data-sourcepos=\"1:1-1:69\">Parta para a aventura: Experi\u00eancias inesquec\u00edveis o aguardam na Cro\u00e1cia<\/h2>\n<p data-sourcepos=\"3:1-3:309\">Imagine-se deslizando pelas \u00e1guas azul-turquesa do Mar Adri\u00e1tico, com o sol aquecendo seu rosto e o suave borrifo do oceano emba\u00e7ando sua pele. A Cro\u00e1cia, com suas in\u00fameras ilhas, enseadas escondidas e cidades costeiras encantadoras, convida voc\u00ea a embarcar em uma aventura de navega\u00e7\u00e3o que o deixar\u00e1 sem f\u00f4lego.<\/p>\n<p data-sourcepos=\"5:1-5:54\"><strong>Fuja do comum e abrace o extraordin\u00e1rio:<\/strong><\/p>\n<ul data-sourcepos=\"7:1-11:0\">\n<li data-sourcepos=\"7:1-7:165\"><strong>Troque as paisagens urbanas por paisagens marinhas:<\/strong> Veja o nascer do sol pintar o c\u00e9u em tons vibrantes enquanto voc\u00ea zarpa, tendo como \u00fanico som o suave bater das ondas contra o casco.<\/li>\n<li data-sourcepos=\"8:1-8:171\"><strong>Explore as joias escondidas:<\/strong> Descubra enseadas isoladas acess\u00edveis apenas por barco, praias intocadas perfeitas para relaxar e vilarejos encantadores onde o tempo parece ter parado.<\/li>\n<li data-sourcepos=\"9:1-9:157\"><strong>Mergulhe em \u00e1guas cristalinas:<\/strong> Mergulhe com snorkel em recifes de corais vibrantes repletos de vida ou perca-se no mundo subaqu\u00e1tico com uma expedi\u00e7\u00e3o de mergulho aut\u00f4nomo.<\/li>\n<li data-sourcepos=\"10:1-11:0\"><strong>Navegue sob um c\u00e9u estrelado:<\/strong> Ao cair da noite, contemple uma exibi\u00e7\u00e3o de estrelas de tirar o f\u00f4lego, sem as luzes da cidade, e sinta uma sensa\u00e7\u00e3o de paz.<\/li>\n<\/ul>\n<\/div>\n<div class=\"markdown markdown-main-panel ui-v2-enabled\" dir=\"ltr\">\n<p data-sourcepos=\"12:1-12:36\">\n<p data-sourcepos=\"12:1-12:36\"><strong>Abrace o esp\u00edrito de aventura:<\/strong><\/p>\n<ul data-sourcepos=\"14:1-17:0\">\n<li data-sourcepos=\"14:1-14:164\"><strong>Navegue em territ\u00f3rios desconhecidos:<\/strong> Assuma o leme e trace seu curso, sentindo a emo\u00e7\u00e3o de navegar em mar aberto e a satisfa\u00e7\u00e3o de dominar uma nova habilidade.<\/li>\n<li data-sourcepos=\"15:1-15:145\"><strong>Conecte-se com a natureza:<\/strong> Respire o ar fresco do mar, sinta o sol em sua pele e mergulhe na beleza da costa do Adri\u00e1tico.<\/li>\n<li data-sourcepos=\"16:1-17:0\"><strong>Crie mem\u00f3rias duradouras:<\/strong> Compartilhe a experi\u00eancia com seus entes queridos, criando hist\u00f3rias e momentos inesquec\u00edveis que ser\u00e3o guardados para sempre.<\/li>\n<\/ul>\n<\/div>\n<div class=\"markdown markdown-main-panel ui-v2-enabled\" dir=\"ltr\">\n<p data-sourcepos=\"18:1-18:67\"><strong>A Cro\u00e1cia \u00e9 mais do que apenas um destino; \u00e9 um convite para:<\/strong><\/p>\n<ul data-sourcepos=\"20:1-23:0\">\n<li data-sourcepos=\"20:1-20:102\"><strong>Desconecte-se do cotidiano:<\/strong> Deixe suas preocupa\u00e7\u00f5es para tr\u00e1s e abrace a liberdade do mar aberto.<\/li>\n<li data-sourcepos=\"21:1-21:116\"><strong>Recupere seu senso de admira\u00e7\u00e3o:<\/strong> Redescubra as alegrias simples da vida e reconecte-se com a natureza em sua forma mais pura.<\/li>\n<li data-sourcepos=\"22:1-23:0\"><strong>Crie uma hist\u00f3ria que valha a pena ser contada:<\/strong> Embarque em uma jornada que o transformar\u00e1, deixando-o com um esp\u00edrito renovado e um cora\u00e7\u00e3o cheio de lembran\u00e7as.<\/li>\n<\/ul>\n<\/div>\n<div class=\"markdown markdown-main-panel ui-v2-enabled\" dir=\"ltr\">\n<p data-sourcepos=\"24:1-24:135\"><strong>Portanto, i\u00e7e as velas, sinta o vento em seus cabelos e siga o curso para uma aventura inesquec\u00edvel na Cro\u00e1cia. O Mar Adri\u00e1tico est\u00e1 \u00e0 sua espera!<\/strong><\/p>\n<p data-sourcepos=\"24:1-24:135\">\n<\/div>\n<h2 data-sourcepos=\"7:1-7:58\">Embarque em uma inesquec\u00edvel aventura de navega\u00e7\u00e3o na Cro\u00e1cia<\/h2>\n<p data-sourcepos=\"9:1-9:260\">A Cro\u00e1cia, com seu deslumbrante litoral do Adri\u00e1tico, in\u00fameras ilhas e charmosas cidades portu\u00e1rias, \u00e9 um destino dos sonhos para f\u00e9rias \u00e0 vela. N\u00e3o importa se voc\u00ea \u00e9 um marinheiro experiente ou um completo iniciante, h\u00e1 uma op\u00e7\u00e3o perfeita de aluguel de iate esperando por voc\u00ea na Cro\u00e1cia.<\/p>\n<p data-sourcepos=\"11:1-11:52\"><strong>Fretamento de iates sob medida para todas as prefer\u00eancias:<\/strong><\/p>\n<ul data-sourcepos=\"13:1-17:0\">\n<li data-sourcepos=\"13:1-13:234\"><strong>Fretamentos com capit\u00e3o:<\/strong> Ideal para aqueles que querem relaxar e apreciar a paisagem sem a responsabilidade de navegar o barco. Um capit\u00e3o experiente cuidar\u00e1 de tudo, desde a navega\u00e7\u00e3o do barco at\u00e9 o planejamento do itiner\u00e1rio.<\/li>\n<li data-sourcepos=\"14:1-14:166\"><strong>Fretamentos a casco nu:<\/strong> Para velejadores experientes que desejam a liberdade de explorar em seu pr\u00f3prio ritmo. Voc\u00ea precisar\u00e1 de uma licen\u00e7a de navega\u00e7\u00e3o v\u00e1lida para operar um fretamento a casco nu.<\/li>\n<li data-sourcepos=\"15:1-15:214\"><strong>Fretamentos com tripula\u00e7\u00e3o:<\/strong> Combine a liberdade de um afretamento a casco nu com o conforto e o servi\u00e7o de uma tripula\u00e7\u00e3o profissional. Uma tripula\u00e7\u00e3o se encarregar\u00e1 de navegar o barco, preparar as refei\u00e7\u00f5es e garantir que todas as suas necessidades sejam atendidas.<\/li>\n<li data-sourcepos=\"16:1-17:0\"><strong>Fretamentos com tudo inclu\u00eddo:<\/strong> A melhor experi\u00eancia de navega\u00e7\u00e3o sem preocupa\u00e7\u00f5es. Tudo \u00e9 resolvido, desde as refei\u00e7\u00f5es e bebidas at\u00e9 as atividades e excurs\u00f5es. Tudo o que voc\u00ea precisa fazer \u00e9 sentar, relaxar e aproveitar o passeio.<\/li>\n<\/ul>\n<p data-sourcepos=\"18:1-18:48\"><strong>Revelando as diversas regi\u00f5es de navega\u00e7\u00e3o da Cro\u00e1cia:<\/strong><\/p>\n<ul data-sourcepos=\"20:1-24:0\">\n<li data-sourcepos=\"20:1-20:215\"><strong>Costa da Dalm\u00e1cia:<\/strong> A regi\u00e3o mais popular para velejar na Cro\u00e1cia, oferecendo uma bela mistura de cidades hist\u00f3ricas, vilarejos charmosos e enseadas isoladas. Explore Dubrovnik, Split, Hvar, Bra\u010d e as Ilhas Kornati.<\/li>\n<li data-sourcepos=\"21:1-21:239\"><strong>Pen\u00ednsula da \u00cdstria:<\/strong> Descubra o charme \u00fanico da \u00cdstria, com suas cidades medievais no topo das colinas, a influ\u00eancia veneziana e a deliciosa culin\u00e1ria local. Navegue pelo Parque Nacional das Ilhas Brijuni e explore a Arena de Pula, um anfiteatro romano.<\/li>\n<li data-sourcepos=\"22:1-22:225\"><strong>Golfo de Kvarner:<\/strong> Fa\u00e7a um cruzeiro pelo Golfo de Kvarner, conhecido por suas paisagens dram\u00e1ticas, vegeta\u00e7\u00e3o exuberante e \u00e1guas cristalinas. Visite as ilhas de Krk, Rab e Cres e explore as charmosas cidades de Opatija e Rijeka.<\/li>\n<li data-sourcepos=\"23:1-24:0\"><strong>Sul do Adri\u00e1tico:<\/strong> Navegue pela costa sul do Adri\u00e1tico, conhecida por sua impressionante beleza natural e atmosfera descontra\u00edda. Explore as Ilhas Elaphiti, o Parque Nacional Mljet e a cidade hist\u00f3rica de Dubrovnik.<\/li>\n<\/ul>\n<p data-sourcepos=\"25:1-25:36\"><strong>Al\u00e9m do cen\u00e1rio de tirar o f\u00f4lego:<\/strong><\/p>\n<ul data-sourcepos=\"27:1-30:0\">\n<li data-sourcepos=\"27:1-27:226\"><strong>Mergulhe na rica cultura e hist\u00f3ria da Cro\u00e1cia:<\/strong> Explore ru\u00ednas antigas, vilas charmosas e cidades vibrantes. Saboreie a deliciosa culin\u00e1ria local, conhecida por seus frutos do mar frescos, azeite de oliva e especialidades regionais.<\/li>\n<li data-sourcepos=\"28:1-28:153\"><strong>Delicie-se com as atividades aqu\u00e1ticas:<\/strong> Nade, mergulhe com snorkel, mergulhe, passeie de caiaque ou pratique stand-up paddleboarding nas \u00e1guas cristalinas do Mar Adri\u00e1tico.<\/li>\n<li data-sourcepos=\"29:1-30:0\"><strong>Experimente a calorosa hospitalidade do povo croata:<\/strong> Os habitantes locais s\u00e3o conhecidos por sua natureza amig\u00e1vel e acolhedora, fazendo com que voc\u00ea se sinta em casa.<\/li>\n<\/ul>\n<p data-sourcepos=\"31:1-31:63\"><strong>Comece a planejar sua aventura de sonho na Cro\u00e1cia hoje mesmo!<\/strong><\/p>\n\t\t\t\t\t\t\t\t<\/div>\n\t\t\t\t<\/div>\n\t\t\t\t\t<\/div>\n\t\t<\/div>\n\t\t\t\t<div class=\"elementor-column elementor-col-25 elementor-top-column elementor-element elementor-element-3beb6c0b\" data-id=\"3beb6c0b\" data-element_type=\"column\" data-e-type=\"column\">\n\t\t\t<div class=\"elementor-widget-wrap elementor-element-populated\">\n\t\t\t\t\t\t<div class=\"elementor-element elementor-element-397c5332 elementor-widget elementor-widget-template\" data-id=\"397c5332\" data-element_type=\"widget\" data-e-type=\"widget\" data-widget_type=\"template.default\">\n\t\t\t\t<div class=\"elementor-widget-container\">\n\t\t\t\t\t\t\t<div class=\"elementor-template\">\n\t\t\t\t\t<div data-elementor-type=\"section\" data-elementor-id=\"77219\" class=\"elementor elementor-77219 elementor-76339\" data-elementor-post-type=\"elementor_library\">\n\t\t\t\t\t<section class=\"elementor-section elementor-inner-section elementor-element elementor-element-457e679b elementor-section-full_width elementor-section-height-min-height elementor-section-content-middle elementor-section-height-default\" data-id=\"457e679b\" data-element_type=\"section\" data-e-type=\"section\" data-settings=\"{&quot;background_background&quot;:&quot;classic&quot;}\">\n\t\t\t\t\t\t\t<div class=\"elementor-background-overlay\"><\/div>\n\t\t\t\t\t\t\t<div class=\"elementor-container elementor-column-gap-default\">\n\t\t\t\t\t<div class=\"elementor-column elementor-col-100 elementor-inner-column elementor-element elementor-element-33d83c77\" data-id=\"33d83c77\" data-element_type=\"column\" data-e-type=\"column\">\n\t\t\t<div class=\"elementor-widget-wrap elementor-element-populated\">\n\t\t\t\t\t\t<div class=\"elementor-element elementor-element-26c46f13 elementor-widget elementor-widget-text-editor\" data-id=\"26c46f13\" data-element_type=\"widget\" data-e-type=\"widget\" data-widget_type=\"text-editor.default\">\n\t\t\t\t<div class=\"elementor-widget-container\">\n\t\t\t\t\t\t\t\t\t<p style=\"text-align: center;\">Procurando um barco?<\/p>\n\t\t\t\t\t\t\t\t<\/div>\n\t\t\t\t<\/div>\n\t\t\t\t<div class=\"elementor-element elementor-element-7116d3fc elementor-align-center elementor-widget elementor-widget-button\" data-id=\"7116d3fc\" data-element_type=\"widget\" data-e-type=\"widget\" data-widget_type=\"button.default\">\n\t\t\t\t<div class=\"elementor-widget-container\">\n\t\t\t\t\t\t\t\t\t<div class=\"elementor-button-wrapper\">\n\t\t\t\t\t<a class=\"elementor-button elementor-button-link elementor-size-md\" href=\"https:\/\/skippercity.com\/pt-br\/obter-uma-cotacao-de-aluguer-de-iates-croacia\/\" target=\"_blank\">\n\t\t\t\t\t\t<span class=\"elementor-button-content-wrapper\">\n\t\t\t\t\t\t\t\t\t<span class=\"elementor-button-text\">OBTER UM OR\u00c7AMENTO GRATUITO<\/span>\n\t\t\t\t\t<\/span>\n\t\t\t\t\t<\/a>\n\t\t\t\t<\/div>\n\t\t\t\t\t\t\t\t<\/div>\n\t\t\t\t<\/div>\n\t\t\t\t\t<\/div>\n\t\t<\/div>\n\t\t\t\t\t<\/div>\n\t\t<\/section>\n\t\t\t\t<\/div>\n\t\t\t\t<\/div>\n\t\t\t\t\t\t<\/div>\n\t\t\t\t<\/div>\n\t\t\t\t\t<\/div>\n\t\t<\/div>\n\t\t\t\t\t<\/div>\n\t\t<\/section>\n\t\t\t\t<\/div>\n\t\t","protected":false},"excerpt":{"rendered":"<p>Tabela de Conte\u00fados Velejar na Cro\u00e1cia \u00e9 divertido! Inspire-se! Parta para a aventura: Experi\u00eancias inesquec\u00edveis o aguardam na Cro\u00e1cia Imagine-se deslizando pelas \u00e1guas azul-turquesa do Mar Adri\u00e1tico, com o sol aquecendo seu rosto e o suave borrifo do oceano emba\u00e7ando sua pele. A Cro\u00e1cia, com suas in\u00fameras ilhas, enseadas escondidas e cidades costeiras encantadoras, convida [&hellip;]<\/p>\n","protected":false},"author":2,"featured_media":71503,"parent":0,"menu_order":0,"comment_status":"closed","ping_status":"closed","template":"","meta":{"footnotes":""},"class_list":["post-71847","page","type-page","status-publish","has-post-thumbnail","hentry"],"_links":{"self":[{"href":"https:\/\/skippercity.com\/pt-br\/wp-json\/wp\/v2\/pages\/71847","targetHints":{"allow":["GET"]}}],"collection":[{"href":"https:\/\/skippercity.com\/pt-br\/wp-json\/wp\/v2\/pages"}],"about":[{"href":"https:\/\/skippercity.com\/pt-br\/wp-json\/wp\/v2\/types\/page"}],"author":[{"embeddable":true,"href":"https:\/\/skippercity.com\/pt-br\/wp-json\/wp\/v2\/users\/2"}],"replies":[{"embeddable":true,"href":"https:\/\/skippercity.com\/pt-br\/wp-json\/wp\/v2\/comments?post=71847"}],"version-history":[{"count":0,"href":"https:\/\/skippercity.com\/pt-br\/wp-json\/wp\/v2\/pages\/71847\/revisions"}],"wp:featuredmedia":[{"embeddable":true,"href":"https:\/\/skippercity.com\/pt-br\/wp-json\/wp\/v2\/media\/71503"}],"wp:attachment":[{"href":"https:\/\/skippercity.com\/pt-br\/wp-json\/wp\/v2\/media?parent=71847"}],"curies":[{"name":"wp","href":"https:\/\/api.w.org\/{rel}","templated":true}]}}