{"id":72004,"date":"2017-11-15T21:24:45","date_gmt":"2017-11-15T21:24:45","guid":{"rendered":"https:\/\/www.skippercity.com\/aluguer-de-barcos-na-croacia\/"},"modified":"2024-02-21T12:25:08","modified_gmt":"2024-02-21T12:25:08","slug":"aluguer-de-barcos-na-croacia","status":"publish","type":"page","link":"https:\/\/skippercity.com\/pt-br\/aluguer-de-barcos-na-croacia\/","title":{"rendered":"Aluguel de barcos na Cro\u00e1cia"},"content":{"rendered":"\t\t<div data-elementor-type=\"wp-page\" data-elementor-id=\"72004\" class=\"elementor elementor-72004 elementor-1472\" data-elementor-post-type=\"page\">\n\t\t\t\t<div class=\"elementor-element elementor-element-6042987 e-con-full e-flex e-con e-parent\" data-id=\"6042987\" data-element_type=\"container\" data-e-type=\"container\" data-settings=\"{&quot;background_background&quot;:&quot;classic&quot;}\">\n\t\t\t\t<\/div>\n\t\t\t\t<section class=\"elementor-section elementor-top-section elementor-element elementor-element-6ac0cb3c elementor-section-full_width elementor-section-height-default elementor-section-height-default\" data-id=\"6ac0cb3c\" data-element_type=\"section\" data-e-type=\"section\">\n\t\t\t\t\t\t<div class=\"elementor-container elementor-column-gap-default\">\n\t\t\t\t\t<div class=\"elementor-column elementor-col-25 elementor-top-column elementor-element elementor-element-6105046c\" data-id=\"6105046c\" data-element_type=\"column\" data-e-type=\"column\">\n\t\t\t<div class=\"elementor-widget-wrap elementor-element-populated\">\n\t\t\t\t\t\t<div class=\"elementor-element elementor-element-27770b8e elementor-toc--minimized-on-tablet elementor-widget elementor-widget-table-of-contents\" data-id=\"27770b8e\" data-element_type=\"widget\" data-e-type=\"widget\" data-settings=\"{&quot;exclude_headings_by_selector&quot;:[],&quot;marker_view&quot;:&quot;bullets&quot;,&quot;headings_by_tags&quot;:[&quot;h2&quot;,&quot;h3&quot;,&quot;h4&quot;,&quot;h5&quot;,&quot;h6&quot;],&quot;icon&quot;:{&quot;value&quot;:&quot;fas fa-circle&quot;,&quot;library&quot;:&quot;fa-solid&quot;,&quot;rendered_tag&quot;:&quot;&lt;svg class=\\&quot;e-font-icon-svg e-fas-circle\\&quot; viewBox=\\&quot;0 0 512 512\\&quot; xmlns=\\&quot;http:\\\/\\\/www.w3.org\\\/2000\\\/svg\\&quot;&gt;&lt;path d=\\&quot;M256 8C119 8 8 119 8 256s111 248 248 248 248-111 248-248S393 8 256 8z\\&quot;&gt;&lt;\\\/path&gt;&lt;\\\/svg&gt;&quot;},&quot;no_headings_message&quot;:&quot;N\\u00e3o foram encontrados cabe\\u00e7alhos nesta p\\u00e1gina.&quot;,&quot;minimize_box&quot;:&quot;yes&quot;,&quot;minimized_on&quot;:&quot;tablet&quot;,&quot;hierarchical_view&quot;:&quot;yes&quot;,&quot;min_height&quot;:{&quot;unit&quot;:&quot;px&quot;,&quot;size&quot;:&quot;&quot;,&quot;sizes&quot;:[]},&quot;min_height_tablet&quot;:{&quot;unit&quot;:&quot;px&quot;,&quot;size&quot;:&quot;&quot;,&quot;sizes&quot;:[]},&quot;min_height_mobile&quot;:{&quot;unit&quot;:&quot;px&quot;,&quot;size&quot;:&quot;&quot;,&quot;sizes&quot;:[]}}\" data-widget_type=\"table-of-contents.default\">\n\t\t\t\t<div class=\"elementor-widget-container\">\n\t\t\t\t\t\t\t\t\t<div class=\"elementor-toc__header\">\n\t\t\t\t\t\t<h4 class=\"elementor-toc__header-title\">\n\t\t\t\tTabela de Conte\u00fados\t\t\t<\/h4>\n\t\t\t\t\t\t\t\t\t\t<div class=\"elementor-toc__toggle-button elementor-toc__toggle-button--expand\" role=\"button\" tabindex=\"0\" aria-controls=\"elementor-toc__27770b8e\" aria-expanded=\"true\" aria-label=\"Abrir Tabela de Conte\u00fados\"><svg aria-hidden=\"true\" class=\"e-font-icon-svg e-fas-chevron-down\" viewBox=\"0 0 448 512\" xmlns=\"http:\/\/www.w3.org\/2000\/svg\"><path d=\"M207.029 381.476L12.686 187.132c-9.373-9.373-9.373-24.569 0-33.941l22.667-22.667c9.357-9.357 24.522-9.375 33.901-.04L224 284.505l154.745-154.021c9.379-9.335 24.544-9.317 33.901.04l22.667 22.667c9.373 9.373 9.373 24.569 0 33.941L240.971 381.476c-9.373 9.372-24.569 9.372-33.942 0z\"><\/path><\/svg><\/div>\n\t\t\t\t<div class=\"elementor-toc__toggle-button elementor-toc__toggle-button--collapse\" role=\"button\" tabindex=\"0\" aria-controls=\"elementor-toc__27770b8e\" aria-expanded=\"true\" aria-label=\"Fechar Tabela de Conte\u00fados\"><svg aria-hidden=\"true\" class=\"e-font-icon-svg e-fas-chevron-up\" viewBox=\"0 0 448 512\" xmlns=\"http:\/\/www.w3.org\/2000\/svg\"><path d=\"M240.971 130.524l194.343 194.343c9.373 9.373 9.373 24.569 0 33.941l-22.667 22.667c-9.357 9.357-24.522 9.375-33.901.04L224 227.495 69.255 381.516c-9.379 9.335-24.544 9.317-33.901-.04l-22.667-22.667c-9.373-9.373-9.373-24.569 0-33.941L207.03 130.525c9.372-9.373 24.568-9.373 33.941-.001z\"><\/path><\/svg><\/div>\n\t\t\t\t\t<\/div>\n\t\t\t\t<div id=\"elementor-toc__27770b8e\" class=\"elementor-toc__body\">\n\t\t\t<div class=\"elementor-toc__spinner-container\">\n\t\t\t\t<svg class=\"elementor-toc__spinner eicon-animation-spin e-font-icon-svg e-eicon-loading\" aria-hidden=\"true\" viewBox=\"0 0 1000 1000\" xmlns=\"http:\/\/www.w3.org\/2000\/svg\"><path d=\"M500 975V858C696 858 858 696 858 500S696 142 500 142 142 304 142 500H25C25 237 238 25 500 25S975 237 975 500 763 975 500 975Z\"><\/path><\/svg>\t\t\t<\/div>\n\t\t<\/div>\n\t\t\t\t\t\t<\/div>\n\t\t\t\t<\/div>\n\t\t\t\t\t<\/div>\n\t\t<\/div>\n\t\t\t\t<div class=\"elementor-column elementor-col-50 elementor-top-column elementor-element elementor-element-5f305314\" data-id=\"5f305314\" data-element_type=\"column\" data-e-type=\"column\">\n\t\t\t<div class=\"elementor-widget-wrap elementor-element-populated\">\n\t\t\t\t\t\t<div class=\"elementor-element elementor-element-38e8ec5b elementor-widget elementor-widget-text-editor\" data-id=\"38e8ec5b\" data-element_type=\"widget\" data-e-type=\"widget\" data-widget_type=\"text-editor.default\">\n\t\t\t\t<div class=\"elementor-widget-container\">\n\t\t\t\t\t\t\t\t\t<h1>Aluguel de barcos na Cro\u00e1cia<\/h1>\n<p>A Cro\u00e1cia, com seu litoral deslumbrante, \u00e1guas cristalinas e milhares de ilhas, \u00e9 um destino dos sonhos para quem busca uma experi\u00eancia de navega\u00e7\u00e3o memor\u00e1vel. Seja voc\u00ea um marinheiro experiente ou um novato, h\u00e1 uma op\u00e7\u00e3o de aluguel de barco que atende \u00e0s suas necessidades. Neste guia, exploraremos os diferentes tipos de aluguel de barcos dispon\u00edveis na Cro\u00e1cia, o custo em 2024 e os cinco principais destinos de aluguel de iates.<\/p>\n<h2>Por que a Cro\u00e1cia?<\/h2>\n<p>A Cro\u00e1cia oferece alguns dos mais belos destinos de navega\u00e7\u00e3o do mundo. Seu litoral \u00e9 pontilhado por milhares de ilhas, cada uma com seu pr\u00f3prio charme. Desde as cidades hist\u00f3ricas de Split e Dubrovnik at\u00e9 as enseadas isoladas das Ilhas Kornati, a Cro\u00e1cia tem algo para todos. O clima mediterr\u00e2neo, as \u00e1guas mornas e os ventos suaves do pa\u00eds o tornam um destino ideal para velejar.<\/p>\n<p><img fetchpriority=\"high\" decoding=\"async\" class=\"alignnone size-full wp-image-412487\" src=\"https:\/\/skippercity.com\/vsebina\/uploads\/yacht-charter-catamaran-rental.jpeg\" alt=\"catamar\u00e3 charter cro\u00e1cia\" width=\"1200\" height=\"717\" srcset=\"https:\/\/skippercity.com\/vsebina\/uploads\/yacht-charter-catamaran-rental.jpeg 1200w, https:\/\/skippercity.com\/vsebina\/uploads\/yacht-charter-catamaran-rental-768x459.jpeg 768w, https:\/\/skippercity.com\/vsebina\/uploads\/yacht-charter-catamaran-rental-700x418.jpeg 700w\" sizes=\"(max-width: 1200px) 100vw, 1200px\" \/><\/p>\n<h2>Tipos de aluguel de barcos<\/h2>\n<h3>Charter com Skipper<\/h3>\n<p>Ideal para quem quer relaxar e aproveitar a viagem sem se preocupar com a navega\u00e7\u00e3o ou o manuseio do barco. Um <a href=\"https:\/\/skippercity.com\/pt-br\/skippered-yacht-charter-croacia\/\">capit\u00e3o profissional<\/a> cuidar\u00e1 de tudo, desde a dire\u00e7\u00e3o at\u00e9 a atraca\u00e7\u00e3o, enquanto voc\u00ea aproveita a beleza do Mar Adri\u00e1tico.<\/p>\n<h3><strong>Fretamento com tripula\u00e7\u00e3o<\/strong><\/h3>\n<p>Para uma experi\u00eancia verdadeiramente luxuosa, um <a href=\"https:\/\/skippercity.com\/pt-br\/aluguer-de-iates-para-tripulacoes-croacia\/\">fretamento com tripula\u00e7\u00e3o<\/a> \u00e9 a melhor op\u00e7\u00e3o. Al\u00e9m de um capit\u00e3o, voc\u00ea ter\u00e1 um chef e outros membros da tripula\u00e7\u00e3o para atender a todas as suas necessidades. Essa op\u00e7\u00e3o \u00e9 perfeita para aqueles que querem ser mimados e desfrutar de f\u00e9rias de navega\u00e7\u00e3o cinco estrelas.<\/p>\n<h3><strong>Aluguel de bareboat<\/strong><\/h3>\n<p>Se voc\u00ea tiver experi\u00eancia em navega\u00e7\u00e3o e as qualifica\u00e7\u00f5es necess\u00e1rias, poder\u00e1 optar pelo aluguel de um barco sem tripula\u00e7\u00e3o. Com essa op\u00e7\u00e3o, voc\u00ea ser\u00e1 o capit\u00e3o do seu pr\u00f3prio navio, respons\u00e1vel pela navega\u00e7\u00e3o, atraca\u00e7\u00e3o e todos os outros aspectos da navega\u00e7\u00e3o. \u00c9 uma \u00f3tima maneira de explorar o litoral croata em seu pr\u00f3prio ritmo.<\/p>\n<p><img decoding=\"async\" class=\"alignnone size-full wp-image-412448\" src=\"https:\/\/skippercity.com\/vsebina\/uploads\/2.jpg\" alt=\"catamar\u00e3 charter cro\u00e1cia\" width=\"698\" height=\"466\"><\/p>\n<h2>Tipos de Barcos<\/h2>\n<h3><strong>Barcos \u00e0 vela<\/strong><\/h3>\n<p>A maneira mais tradicional e rom\u00e2ntica de explorar o Mar Adri\u00e1tico, os veleiros oferecem uma experi\u00eancia de navega\u00e7\u00e3o tranquila e ecol\u00f3gica. S\u00e3o perfeitos para quem quer aproveitar a tranquilidade do mar e o som do vento nas velas.<\/p>\n<h3><strong>Catamar\u00e3s<\/strong><\/h3>\n<p>Conhecidos por sua estabilidade e espa\u00e7o, <a href=\"https:\/\/skippercity.com\/pt-br\/carta-catamaran-croacia\/\">os catamar\u00e3s<\/a> s\u00e3o uma op\u00e7\u00e3o popular para fam\u00edlias e grupos maiores. Com v\u00e1rias cabines e amplo espa\u00e7o no conv\u00e9s, eles oferecem conforto e luxo durante a navega\u00e7\u00e3o.<\/p>\n<h3><strong>Barcos a motor<\/strong><\/h3>\n<p>Se o que voc\u00ea quer \u00e9 velocidade, um barco a motor \u00e9 a melhor op\u00e7\u00e3o. Com motores potentes, esses barcos podem lev\u00e1-lo de um destino a outro rapidamente, permitindo que voc\u00ea cubra mais terreno em um curto per\u00edodo de tempo.<\/p>\n<p><img decoding=\"async\" class=\"alignnone size-full wp-image-412396\" src=\"https:\/\/skippercity.com\/vsebina\/uploads\/catamaran-charter-croatia-1.jpg\" alt=\"catamar\u00e3 charter cro\u00e1cia\" width=\"1920\" height=\"932\" srcset=\"https:\/\/skippercity.com\/vsebina\/uploads\/catamaran-charter-croatia-1.jpg 1920w, https:\/\/skippercity.com\/vsebina\/uploads\/catamaran-charter-croatia-1-768x373.jpg 768w, https:\/\/skippercity.com\/vsebina\/uploads\/catamaran-charter-croatia-1-1536x746.jpg 1536w, https:\/\/skippercity.com\/vsebina\/uploads\/catamaran-charter-croatia-1-700x340.jpg 700w\" sizes=\"(max-width: 1920px) 100vw, 1920px\" \/><\/p>\n<h2>\u00c1reas para Velejar<\/h2>\n<h3><strong>Split<\/strong><\/h3>\n<p>Como um dos destinos de navega\u00e7\u00e3o mais populares da Cro\u00e1cia, Split oferece uma combina\u00e7\u00e3o perfeita de hist\u00f3ria, cultura e beleza natural. Desde o antigo Pal\u00e1cio de Diocleciano at\u00e9 as deslumbrantes ilhas de Hvar e Vis, h\u00e1 algo para todos em Split.<\/p>\n<h3><strong>Zadar<\/strong><\/h3>\n<p>Com sua mistura \u00fanica de influ\u00eancias romanas, bizantinas e venezianas, Zadar \u00e9 uma cidade encantadora, perfeita para ser explorada de barco. O Parque Nacional das Ilhas Kornati, nas proximidades, \u00e9 uma visita obrigat\u00f3ria por suas paisagens de tirar o f\u00f4lego e \u00e1guas cristalinas.<\/p>\n<h3><strong>Trogir<\/strong><\/h3>\n<p>Conhecida como a &#8220;Pequena Veneza&#8221; da Cro\u00e1cia, Trogir \u00e9 um Patrim\u00f4nio Mundial da UNESCO que \u00e9 melhor explorado de barco. Com suas ruas estreitas, edif\u00edcios hist\u00f3ricos e a pitoresca orla mar\u00edtima, Trogir \u00e9 uma del\u00edcia de se descobrir.<\/p>\n<h3><strong>Dubrovnik<\/strong><\/h3>\n<p>Famosa por suas muralhas medievais e arquitetura deslumbrante, Dubrovnik \u00e9 um destino obrigat\u00f3rio para qualquer entusiasta da navega\u00e7\u00e3o. As Ilhas Elafiti, nas proximidades, oferecem praias imaculadas e enseadas isoladas, perfeitas para um dia de relaxamento.<\/p>\n<h3><strong>Sibenik<\/strong><\/h3>\n<p>Localizada no cora\u00e7\u00e3o da Dalm\u00e1cia, Sibenik \u00e9 uma cidade encantadora com uma hist\u00f3ria rica e uma beleza natural impressionante. O Parque Nacional Krka, nas proximidades, \u00e9 um para\u00edso para os amantes da natureza, com suas cachoeiras, lagos e florestas exuberantes.<\/p>\n<p><img loading=\"lazy\" decoding=\"async\" class=\"alignnone size-full wp-image-412382\" src=\"https:\/\/skippercity.com\/vsebina\/uploads\/croatia-catamaran-charter.jpg\" alt=\"aluguel de catamar\u00e3 na cro\u00e1cia\" width=\"1600\" height=\"900\" srcset=\"https:\/\/skippercity.com\/vsebina\/uploads\/croatia-catamaran-charter.jpg 1600w, https:\/\/skippercity.com\/vsebina\/uploads\/croatia-catamaran-charter-768x432.jpg 768w, https:\/\/skippercity.com\/vsebina\/uploads\/croatia-catamaran-charter-1536x864.jpg 1536w, https:\/\/skippercity.com\/vsebina\/uploads\/croatia-catamaran-charter-500x281.jpg 500w, https:\/\/skippercity.com\/vsebina\/uploads\/croatia-catamaran-charter-700x394.jpg 700w\" sizes=\"(max-width: 1600px) 100vw, 1600px\" \/><\/p>\n<h2>Custo do aluguel de barcos em 2024<\/h2>\n<p>O custo do aluguel de barcos na Cro\u00e1cia varia de acordo com o tipo de barco, o tamanho do barco, a dura\u00e7\u00e3o do aluguel e a \u00e9poca do ano. A partir de 2024, o custo m\u00e9dio de um aluguel a casco nu na Cro\u00e1cia \u00e9 de cerca de \u20ac 2.000 a \u20ac 4.000 por semana para um veleiro, \u20ac 3.000 a \u20ac 6.000 por semana para um catamar\u00e3 e \u20ac 4.000 a \u20ac 8.000 por semana para uma lancha.<\/p>\n<p>Os fretamentos com capit\u00e3o e tripula\u00e7\u00e3o s\u00e3o mais caros, com pre\u00e7os que variam de \u20ac 5.000 a \u20ac 15.000 por semana para um veleiro, de \u20ac 8.000 a \u20ac 20.000 por semana para um catamar\u00e3 e de \u20ac 10.000 a \u20ac 30.000 por semana para uma lancha.<\/p>\n<p><img loading=\"lazy\" decoding=\"async\" class=\"alignnone size-full wp-image-412504\" src=\"https:\/\/skippercity.com\/vsebina\/uploads\/Mooring-and-Docking-Costs-in-Croatia-A-Comprehensive-Overview.jpg\" alt=\"Custos de atraca\u00e7\u00e3o e ancoragem na Cro\u00e1cia: uma vis\u00e3o geral abrangente\" width=\"1280\" height=\"853\" srcset=\"https:\/\/skippercity.com\/vsebina\/uploads\/Mooring-and-Docking-Costs-in-Croatia-A-Comprehensive-Overview.jpg 1280w, https:\/\/skippercity.com\/vsebina\/uploads\/Mooring-and-Docking-Costs-in-Croatia-A-Comprehensive-Overview-768x512.jpg 768w, https:\/\/skippercity.com\/vsebina\/uploads\/Mooring-and-Docking-Costs-in-Croatia-A-Comprehensive-Overview-700x466.jpg 700w\" sizes=\"(max-width: 1280px) 100vw, 1280px\" \/><\/p>\n<h2>Como alugar um barco na Cro\u00e1cia: Um guia passo a passo<\/h2>\n<p>O litoral deslumbrante, as \u00e1guas cristalinas e as milhares de ilhas da Cro\u00e1cia fazem dela um destino ideal para os entusiastas da navega\u00e7\u00e3o. Quer voc\u00ea seja um marinheiro experiente ou um novato, alugar um barco na Cro\u00e1cia \u00e9 uma maneira fant\u00e1stica de explorar o Mar Adri\u00e1tico e descobrir as joias ocultas do pa\u00eds. Aqui est\u00e1 um guia passo a passo sobre como alugar um barco na Cro\u00e1cia:<\/p>\n<h3>Determine seu or\u00e7amento e suas prefer\u00eancias<\/h3>\n<p>Antes de come\u00e7ar a procurar um barco para alugar, \u00e9 importante determinar seu or\u00e7amento e suas prefer\u00eancias. Considere o tamanho do barco, o n\u00famero de cabines e as comodidades de que voc\u00ea precisa. Decida se deseja um fretamento com skipper, um fretamento com tripula\u00e7\u00e3o ou um aluguel de bareboat.<\/p>\n<h3>Escolha uma empresa de aluguel de barcos<\/h3>\n<p>H\u00e1 v\u00e1rias empresas de aluguel de barcos na Cro\u00e1cia, portanto, \u00e9 essencial fazer sua pesquisa e escolher uma empresa de boa reputa\u00e7\u00e3o. Leia as avalia\u00e7\u00f5es, verifique a frota de barcos e pergunte sobre seus servi\u00e7os. Algumas empresas populares de aluguel de barcos na Cro\u00e1cia incluem SkipperCity, Sail Croatia, The Moorings, Dream Yacht Charter e NauticEd.<\/p>\n<h3>Selecione sua \u00e1rea de navega\u00e7\u00e3o<\/h3>\n<p>A Cro\u00e1cia oferece uma variedade de \u00e1reas de navega\u00e7\u00e3o, cada uma com seu pr\u00f3prio charme. Algumas \u00e1reas populares para navega\u00e7\u00e3o na Cro\u00e1cia incluem Split, Zadar, Trogir, Dubrovnik e Sibenik. Considere a proximidade da \u00e1rea de navega\u00e7\u00e3o de seus destinos desejados, as condi\u00e7\u00f5es clim\u00e1ticas e a disponibilidade de pontos de atraca\u00e7\u00e3o.<\/p>\n<h3>Escolha seu tipo de barco<\/h3>\n<p>Depois de escolher uma \u00e1rea de navega\u00e7\u00e3o, \u00e9 hora de selecionar o tipo de barco que melhor se adapta \u00e0s suas necessidades. Os veleiros s\u00e3o perfeitos para uma experi\u00eancia de navega\u00e7\u00e3o rom\u00e2ntica e ecol\u00f3gica, enquanto os catamar\u00e3s oferecem estabilidade e espa\u00e7o, o que os torna ideais para fam\u00edlias e grupos maiores. Os barcos a motor s\u00e3o \u00f3timos para quem deseja percorrer mais \u00e1reas em um curto per\u00edodo de tempo.<\/p>\n<h3>Verifique a disponibilidade e reserve seu barco<\/h3>\n<p>Depois de selecionar o tipo de barco, verifique a disponibilidade do barco para as datas desejadas. A maioria das empresas de aluguel de barcos tem um sistema de reserva on-line, o que facilita a verifica\u00e7\u00e3o da disponibilidade e a realiza\u00e7\u00e3o da reserva. Certifique-se de reservar seu barco com bastante anteced\u00eancia, especialmente durante a alta temporada, pois os barcos podem ficar lotados rapidamente.<\/p>\n<h3>Analise o contrato de aluguel e os termos<\/h3>\n<p>Antes de finalizar sua reserva, leia atentamente o contrato de aluguel e os termos. Preste aten\u00e7\u00e3o \u00e0 pol\u00edtica de cancelamento, aos requisitos de dep\u00f3sito de seguran\u00e7a e a quaisquer taxas ou encargos adicionais. Certifique-se de entender os termos e condi\u00e7\u00f5es do contrato de aluguel antes de assin\u00e1-lo.<\/p>\n<h3>Prepare-se para sua viagem<\/h3>\n<p>Depois de reservar o aluguel do barco, \u00e9 hora de come\u00e7ar a se preparar para a viagem. Fa\u00e7a uma lista de itens essenciais, como protetor solar, chap\u00e9us, \u00f3culos de sol, roupas de banho e toalhas. N\u00e3o se esque\u00e7a de levar suas qualifica\u00e7\u00f5es de navega\u00e7\u00e3o e todos os documentos necess\u00e1rios, como passaportes e vistos.<\/p>\n<h2>Conclus\u00e3o<\/h2>\n<p>A Cro\u00e1cia oferece alguns dos mais belos destinos de navega\u00e7\u00e3o do mundo, e n\u00e3o h\u00e1 melhor maneira de explor\u00e1-los do que de barco. N\u00e3o importa se voc\u00ea est\u00e1 procurando f\u00e9rias relaxantes ou uma viagem de barco aventureira, a Cro\u00e1cia tem algo para todos.<\/p>\n<p>Com uma grande variedade de alugu\u00e9is de barcos, \u00e1reas de navega\u00e7\u00e3o e fretamentos de iates para escolher, voc\u00ea certamente encontrar\u00e1 a op\u00e7\u00e3o perfeita para sua pr\u00f3xima aventura de navega\u00e7\u00e3o na Cro\u00e1cia.<\/p>\n<h2>Aproveite sua aventura de navega\u00e7\u00e3o<\/h2>\n<p>Finalmente, chegou a hora de embarcar em sua aventura de navega\u00e7\u00e3o na Cro\u00e1cia! Chegue \u00e0 base da empresa de aluguel de barcos no dia do seu aluguel e re\u00fana-se com a equipe para conhecer os recursos do barco e os procedimentos de seguran\u00e7a. Quando estiver pronto, zarpe e explore a deslumbrante costa croata, as ilhas e as enseadas escondidas. Aproveite a liberdade e a flexibilidade de navegar em seu pr\u00f3prio ritmo e crie mem\u00f3rias que durar\u00e3o a vida toda.<\/p>\n<p>&#8211;<\/p>\n\t\t\t\t\t\t\t\t<\/div>\n\t\t\t\t<\/div>\n\t\t\t\t\t<\/div>\n\t\t<\/div>\n\t\t\t\t<div class=\"elementor-column elementor-col-25 elementor-top-column elementor-element elementor-element-15a73c22\" data-id=\"15a73c22\" data-element_type=\"column\" data-e-type=\"column\">\n\t\t\t<div class=\"elementor-widget-wrap elementor-element-populated\">\n\t\t\t\t\t\t<div class=\"elementor-element elementor-element-45b56144 elementor-widget elementor-widget-template\" data-id=\"45b56144\" data-element_type=\"widget\" data-e-type=\"widget\" data-widget_type=\"template.default\">\n\t\t\t\t<div class=\"elementor-widget-container\">\n\t\t\t\t\t\t\t<div class=\"elementor-template\">\n\t\t\t\t\t<div data-elementor-type=\"section\" data-elementor-id=\"77219\" class=\"elementor elementor-77219 elementor-76339\" data-elementor-post-type=\"elementor_library\">\n\t\t\t\t\t<section class=\"elementor-section elementor-inner-section elementor-element elementor-element-457e679b elementor-section-full_width elementor-section-height-min-height elementor-section-content-middle elementor-section-height-default\" data-id=\"457e679b\" data-element_type=\"section\" data-e-type=\"section\" data-settings=\"{&quot;background_background&quot;:&quot;classic&quot;}\">\n\t\t\t\t\t\t\t<div class=\"elementor-background-overlay\"><\/div>\n\t\t\t\t\t\t\t<div class=\"elementor-container elementor-column-gap-default\">\n\t\t\t\t\t<div class=\"elementor-column elementor-col-100 elementor-inner-column elementor-element elementor-element-33d83c77\" data-id=\"33d83c77\" data-element_type=\"column\" data-e-type=\"column\">\n\t\t\t<div class=\"elementor-widget-wrap elementor-element-populated\">\n\t\t\t\t\t\t<div class=\"elementor-element elementor-element-26c46f13 elementor-widget elementor-widget-text-editor\" data-id=\"26c46f13\" data-element_type=\"widget\" data-e-type=\"widget\" data-widget_type=\"text-editor.default\">\n\t\t\t\t<div class=\"elementor-widget-container\">\n\t\t\t\t\t\t\t\t\t<p style=\"text-align: center;\">Procurando um barco?<\/p>\n\t\t\t\t\t\t\t\t<\/div>\n\t\t\t\t<\/div>\n\t\t\t\t<div class=\"elementor-element elementor-element-7116d3fc elementor-align-center elementor-widget elementor-widget-button\" data-id=\"7116d3fc\" data-element_type=\"widget\" data-e-type=\"widget\" data-widget_type=\"button.default\">\n\t\t\t\t<div class=\"elementor-widget-container\">\n\t\t\t\t\t\t\t\t\t<div class=\"elementor-button-wrapper\">\n\t\t\t\t\t<a class=\"elementor-button elementor-button-link elementor-size-md\" href=\"https:\/\/skippercity.com\/pt-br\/obter-uma-cotacao-de-aluguer-de-iates-croacia\/\" target=\"_blank\">\n\t\t\t\t\t\t<span class=\"elementor-button-content-wrapper\">\n\t\t\t\t\t\t\t\t\t<span class=\"elementor-button-text\">OBTER UM OR\u00c7AMENTO GRATUITO<\/span>\n\t\t\t\t\t<\/span>\n\t\t\t\t\t<\/a>\n\t\t\t\t<\/div>\n\t\t\t\t\t\t\t\t<\/div>\n\t\t\t\t<\/div>\n\t\t\t\t\t<\/div>\n\t\t<\/div>\n\t\t\t\t\t<\/div>\n\t\t<\/section>\n\t\t\t\t<\/div>\n\t\t\t\t<\/div>\n\t\t\t\t\t\t<\/div>\n\t\t\t\t<\/div>\n\t\t\t\t\t<\/div>\n\t\t<\/div>\n\t\t\t\t\t<\/div>\n\t\t<\/section>\n\t\t\t\t<\/div>\n\t\t","protected":false},"excerpt":{"rendered":"<p>Tabela de Conte\u00fados Aluguel de barcos na Cro\u00e1cia A Cro\u00e1cia, com seu litoral deslumbrante, \u00e1guas cristalinas e milhares de ilhas, \u00e9 um destino dos sonhos para quem busca uma experi\u00eancia de navega\u00e7\u00e3o memor\u00e1vel. Seja voc\u00ea um marinheiro experiente ou um novato, h\u00e1 uma op\u00e7\u00e3o de aluguel de barco que atende \u00e0s suas necessidades. Neste guia, [&hellip;]<\/p>\n","protected":false},"author":2,"featured_media":71503,"parent":0,"menu_order":0,"comment_status":"closed","ping_status":"closed","template":"","meta":{"footnotes":""},"class_list":["post-72004","page","type-page","status-publish","has-post-thumbnail","hentry"],"_links":{"self":[{"href":"https:\/\/skippercity.com\/pt-br\/wp-json\/wp\/v2\/pages\/72004","targetHints":{"allow":["GET"]}}],"collection":[{"href":"https:\/\/skippercity.com\/pt-br\/wp-json\/wp\/v2\/pages"}],"about":[{"href":"https:\/\/skippercity.com\/pt-br\/wp-json\/wp\/v2\/types\/page"}],"author":[{"embeddable":true,"href":"https:\/\/skippercity.com\/pt-br\/wp-json\/wp\/v2\/users\/2"}],"replies":[{"embeddable":true,"href":"https:\/\/skippercity.com\/pt-br\/wp-json\/wp\/v2\/comments?post=72004"}],"version-history":[{"count":0,"href":"https:\/\/skippercity.com\/pt-br\/wp-json\/wp\/v2\/pages\/72004\/revisions"}],"wp:featuredmedia":[{"embeddable":true,"href":"https:\/\/skippercity.com\/pt-br\/wp-json\/wp\/v2\/media\/71503"}],"wp:attachment":[{"href":"https:\/\/skippercity.com\/pt-br\/wp-json\/wp\/v2\/media?parent=72004"}],"curies":[{"name":"wp","href":"https:\/\/api.w.org\/{rel}","templated":true}]}}