{"id":73730,"date":"2021-02-24T10:28:05","date_gmt":"2021-02-24T10:28:05","guid":{"rendered":"https:\/\/www.skippercity.com\/papel-croata-graficos-de-navegacao-e-distribuidores-autorizados-para-publicacao\/"},"modified":"2025-03-06T21:10:02","modified_gmt":"2025-03-06T21:10:02","slug":"papel-croata-graficos-de-navegacao-e-distribuidores-autorizados-para-publicacao","status":"publish","type":"page","link":"https:\/\/skippercity.com\/pt-br\/papel-croata-graficos-de-navegacao-e-distribuidores-autorizados-para-publicacao\/","title":{"rendered":"Papel croata Gr\u00e1ficos de navega\u00e7\u00e3o e distribuidores autorizados para publica\u00e7\u00e3o"},"content":{"rendered":"\t\t<div data-elementor-type=\"wp-page\" data-elementor-id=\"73730\" class=\"elementor elementor-73730 elementor-73594\" data-elementor-post-type=\"page\">\n\t\t\t\t\t\t<section class=\"elementor-section elementor-top-section elementor-element elementor-element-1ce8aec elementor-section-stretched elementor-section-full_width elementor-section-height-default elementor-section-height-default\" data-id=\"1ce8aec\" data-element_type=\"section\" data-e-type=\"section\" data-settings=\"{&quot;background_background&quot;:&quot;classic&quot;,&quot;stretch_section&quot;:&quot;section-stretched&quot;}\">\n\t\t\t\t\t\t\t<div class=\"elementor-background-overlay\"><\/div>\n\t\t\t\t\t\t\t<div class=\"elementor-container elementor-column-gap-default\">\n\t\t\t\t\t<div class=\"elementor-column elementor-col-33 elementor-top-column elementor-element elementor-element-30532ae8\" data-id=\"30532ae8\" data-element_type=\"column\" data-e-type=\"column\">\n\t\t\t<div class=\"elementor-widget-wrap\">\n\t\t\t\t\t\t\t<\/div>\n\t\t<\/div>\n\t\t\t\t<div class=\"elementor-column elementor-col-33 elementor-top-column elementor-element elementor-element-4cad9155\" data-id=\"4cad9155\" data-element_type=\"column\" data-e-type=\"column\">\n\t\t\t<div class=\"elementor-widget-wrap elementor-element-populated\">\n\t\t\t\t\t\t<div class=\"elementor-element elementor-element-50ef1a12 elementor-widget elementor-widget-heading\" data-id=\"50ef1a12\" data-element_type=\"widget\" data-e-type=\"widget\" data-widget_type=\"heading.default\">\n\t\t\t\t<div class=\"elementor-widget-container\">\n\t\t\t\t\t<h3 class=\"elementor-heading-title elementor-size-default\">cartas n\u00e1uticas croatas<\/h3>\t\t\t\t<\/div>\n\t\t\t\t<\/div>\n\t\t\t\t<div class=\"elementor-element elementor-element-199a540a elementor-widget-divider--view-line elementor-widget elementor-widget-divider\" data-id=\"199a540a\" data-element_type=\"widget\" data-e-type=\"widget\" data-widget_type=\"divider.default\">\n\t\t\t\t<div class=\"elementor-widget-container\">\n\t\t\t\t\t\t\t<div class=\"elementor-divider\">\n\t\t\t<span class=\"elementor-divider-separator\">\n\t\t\t\t\t\t<\/span>\n\t\t<\/div>\n\t\t\t\t\t\t<\/div>\n\t\t\t\t<\/div>\n\t\t\t\t<div class=\"elementor-element elementor-element-5a792ade elementor-widget elementor-widget-heading\" data-id=\"5a792ade\" data-element_type=\"widget\" data-e-type=\"widget\" data-widget_type=\"heading.default\">\n\t\t\t\t<div class=\"elementor-widget-container\">\n\t\t\t\t\t<h1 class=\"elementor-heading-title elementor-size-default\"><a href=\"https:\/\/www.hhi.hr\/en\/products-and-services\/where-to-buy\" target=\"_blank\" rel=\"noopener noreferrer\">distribuidores autorizados<\/a><\/h1>\t\t\t\t<\/div>\n\t\t\t\t<\/div>\n\t\t\t\t\t<\/div>\n\t\t<\/div>\n\t\t\t\t<div class=\"elementor-column elementor-col-33 elementor-top-column elementor-element elementor-element-64f808b4\" data-id=\"64f808b4\" data-element_type=\"column\" data-e-type=\"column\">\n\t\t\t<div class=\"elementor-widget-wrap\">\n\t\t\t\t\t\t\t<\/div>\n\t\t<\/div>\n\t\t\t\t\t<\/div>\n\t\t<\/section>\n\t\t\t\t<section class=\"elementor-section elementor-top-section elementor-element elementor-element-4e7e9bb9 elementor-section-full_width elementor-section-height-default elementor-section-height-default\" data-id=\"4e7e9bb9\" data-element_type=\"section\" data-e-type=\"section\">\n\t\t\t\t\t\t<div class=\"elementor-container elementor-column-gap-default\">\n\t\t\t\t\t<div class=\"elementor-column elementor-col-25 elementor-top-column elementor-element elementor-element-b802a37\" data-id=\"b802a37\" data-element_type=\"column\" data-e-type=\"column\">\n\t\t\t<div class=\"elementor-widget-wrap elementor-element-populated\">\n\t\t\t\t\t\t<div class=\"elementor-element elementor-element-3bd125f4 elementor-toc--minimized-on-tablet elementor-widget elementor-widget-table-of-contents\" data-id=\"3bd125f4\" data-element_type=\"widget\" data-e-type=\"widget\" data-settings=\"{&quot;exclude_headings_by_selector&quot;:[],&quot;marker_view&quot;:&quot;bullets&quot;,&quot;headings_by_tags&quot;:[&quot;h2&quot;,&quot;h3&quot;,&quot;h4&quot;,&quot;h5&quot;,&quot;h6&quot;],&quot;icon&quot;:{&quot;value&quot;:&quot;fas fa-circle&quot;,&quot;library&quot;:&quot;fa-solid&quot;,&quot;rendered_tag&quot;:&quot;&lt;svg class=\\&quot;e-font-icon-svg e-fas-circle\\&quot; viewBox=\\&quot;0 0 512 512\\&quot; xmlns=\\&quot;http:\\\/\\\/www.w3.org\\\/2000\\\/svg\\&quot;&gt;&lt;path d=\\&quot;M256 8C119 8 8 119 8 256s111 248 248 248 248-111 248-248S393 8 256 8z\\&quot;&gt;&lt;\\\/path&gt;&lt;\\\/svg&gt;&quot;},&quot;no_headings_message&quot;:&quot;N\\u00e3o foram encontrados cabe\\u00e7alhos nesta p\\u00e1gina.&quot;,&quot;minimize_box&quot;:&quot;yes&quot;,&quot;minimized_on&quot;:&quot;tablet&quot;,&quot;hierarchical_view&quot;:&quot;yes&quot;,&quot;min_height&quot;:{&quot;unit&quot;:&quot;px&quot;,&quot;size&quot;:&quot;&quot;,&quot;sizes&quot;:[]},&quot;min_height_tablet&quot;:{&quot;unit&quot;:&quot;px&quot;,&quot;size&quot;:&quot;&quot;,&quot;sizes&quot;:[]},&quot;min_height_mobile&quot;:{&quot;unit&quot;:&quot;px&quot;,&quot;size&quot;:&quot;&quot;,&quot;sizes&quot;:[]}}\" data-widget_type=\"table-of-contents.default\">\n\t\t\t\t<div class=\"elementor-widget-container\">\n\t\t\t\t\t\t\t\t\t<div class=\"elementor-toc__header\">\n\t\t\t\t\t\t<h4 class=\"elementor-toc__header-title\">\n\t\t\t\tTabela de Conte\u00fados\t\t\t<\/h4>\n\t\t\t\t\t\t\t\t\t\t<div class=\"elementor-toc__toggle-button elementor-toc__toggle-button--expand\" role=\"button\" tabindex=\"0\" aria-controls=\"elementor-toc__3bd125f4\" aria-expanded=\"true\" aria-label=\"Abrir Tabela de Conte\u00fados\"><svg aria-hidden=\"true\" class=\"e-font-icon-svg e-fas-chevron-down\" viewBox=\"0 0 448 512\" xmlns=\"http:\/\/www.w3.org\/2000\/svg\"><path d=\"M207.029 381.476L12.686 187.132c-9.373-9.373-9.373-24.569 0-33.941l22.667-22.667c9.357-9.357 24.522-9.375 33.901-.04L224 284.505l154.745-154.021c9.379-9.335 24.544-9.317 33.901.04l22.667 22.667c9.373 9.373 9.373 24.569 0 33.941L240.971 381.476c-9.373 9.372-24.569 9.372-33.942 0z\"><\/path><\/svg><\/div>\n\t\t\t\t<div class=\"elementor-toc__toggle-button elementor-toc__toggle-button--collapse\" role=\"button\" tabindex=\"0\" aria-controls=\"elementor-toc__3bd125f4\" aria-expanded=\"true\" aria-label=\"Fechar Tabela de Conte\u00fados\"><svg aria-hidden=\"true\" class=\"e-font-icon-svg e-fas-chevron-up\" viewBox=\"0 0 448 512\" xmlns=\"http:\/\/www.w3.org\/2000\/svg\"><path d=\"M240.971 130.524l194.343 194.343c9.373 9.373 9.373 24.569 0 33.941l-22.667 22.667c-9.357 9.357-24.522 9.375-33.901.04L224 227.495 69.255 381.516c-9.379 9.335-24.544 9.317-33.901-.04l-22.667-22.667c-9.373-9.373-9.373-24.569 0-33.941L207.03 130.525c9.372-9.373 24.568-9.373 33.941-.001z\"><\/path><\/svg><\/div>\n\t\t\t\t\t<\/div>\n\t\t\t\t<div id=\"elementor-toc__3bd125f4\" class=\"elementor-toc__body\">\n\t\t\t<div class=\"elementor-toc__spinner-container\">\n\t\t\t\t<svg class=\"elementor-toc__spinner eicon-animation-spin e-font-icon-svg e-eicon-loading\" aria-hidden=\"true\" viewBox=\"0 0 1000 1000\" xmlns=\"http:\/\/www.w3.org\/2000\/svg\"><path d=\"M500 975V858C696 858 858 696 858 500S696 142 500 142 142 304 142 500H25C25 237 238 25 500 25S975 237 975 500 763 975 500 975Z\"><\/path><\/svg>\t\t\t<\/div>\n\t\t<\/div>\n\t\t\t\t\t\t<\/div>\n\t\t\t\t<\/div>\n\t\t\t\t\t<\/div>\n\t\t<\/div>\n\t\t\t\t<div class=\"elementor-column elementor-col-50 elementor-top-column elementor-element elementor-element-47f34465\" data-id=\"47f34465\" data-element_type=\"column\" data-e-type=\"column\">\n\t\t\t<div class=\"elementor-widget-wrap elementor-element-populated\">\n\t\t\t\t\t\t<div class=\"elementor-element elementor-element-9df50af elementor-widget elementor-widget-text-editor\" data-id=\"9df50af\" data-element_type=\"widget\" data-e-type=\"widget\" data-widget_type=\"text-editor.default\">\n\t\t\t\t<div class=\"elementor-widget-container\">\n\t\t\t\t\t\t\t\t\t<p>Gr\u00e1ficos e publica\u00e7\u00f5es em papel HHI est\u00e3o dispon\u00edveis para compra em distribuidores autorizados.<\/p>\n<p>Se voc\u00ea est\u00e1 procurando comprar cartas n\u00e1uticas em papel na Cro\u00e1cia, por favor, entre em contato com distribuidores autorizados.<\/p>\n\t\t\t\t\t\t\t\t<\/div>\n\t\t\t\t<\/div>\n\t\t\t\t<div class=\"elementor-element elementor-element-d487c8d elementor-widget elementor-widget-text-editor\" data-id=\"d487c8d\" data-element_type=\"widget\" data-e-type=\"widget\" data-widget_type=\"text-editor.default\">\n\t\t\t\t<div class=\"elementor-widget-container\">\n\t\t\t\t\t\t\t\t\t<\/p>\n<table class=\"table\">\n<thead>\n<tr>\n<td>\n  <strong>Nome<\/strong>\n<\/td>\n<td>\n  <strong>Endere\u00e7o<\/strong>\n<\/td>\n<td>\n  <strong>Email \/ Web<\/strong>\n<\/td>\n<td style=\"min-width: 160px;\">\n  <strong>Tel \/ Fax<\/strong>\n<\/td>\n<\/tr>\n<\/thead>\n<tbody>\n<tr>Lojas Marina www.marinastores.hr <\/tr>\n<tr>\n<td>&#8211; Lojas Marina, Zagreb<\/td>\n<td>Cvjetna cesta 11<br \/>10000 Zagreb<br \/>Hrvatska<\/td>\n<td>\n  <a href=\"mailto:zagreb@lalizas.com\">zagreb@lalizas.com<\/a><br \/>\n  <br \/>\n  <a href=\"https:\/\/www.marinastores.hr\/\" target=\"_blank\" rel=\"noopener\">www.marinastores.hr<\/a>\n<\/td>\n<td>+385 (0)1 6183 342<br \/>+385 (0)1 6183 341<\/td>\n<\/tr>\n<tr>\n<td>&#8211; Lojas Marina, Sibenik<\/td>\n<td>Obala dr. Franje Tu\u0111mana 2<br \/>22000 Sibenik<br \/>Hrvatska<\/td>\n<td>\n  <a href=\"mailto:sibenik@lalizas.com\">sibenik@lalizas.com<\/a><br \/>\n  <br \/>\n  <a href=\"https:\/\/www.marinastores.hr\/\" target=\"_blank\" rel=\"noopener\">www.marinastores.hr<\/a>\n<\/td>\n<td>+385 (0)22 212268<br \/>+385 (0)22 212268<\/td>\n<\/tr>\n<tr>\n<td>&#8211; Lojas Marina, Dubrovnik<\/td>\n<td>Na Skali 4<br \/>20236 Moko\u0161ica-Dubrovnik<br \/>Hrvatska<\/td>\n<td>\n  <a href=\"mailto:dubrovnik@lalizas.com\">dubrovnik@lalizas.com<\/a><br \/>\n  <br \/>\n  <a href=\"https:\/\/www.marinastores.hr\/\" target=\"_blank\" rel=\"noopener\">www.marinastores.hr<\/a>\n<\/td>\n<td>+385 (0)20 454073<br \/>+385 (0)20 454073<\/td>\n<\/tr>\n<tr>\n<td>&#8211; Lojas Marina, Pula<\/td>\n<td>Riva 14<br \/>52000 Pula<br \/>Hrvatska<\/td>\n<td>\n  <a href=\"mailto:pula@lalizas.com\">pula@lalizas.com<\/a><br \/>\n  <br \/>\n  <a href=\"https:\/\/www.marinastores.hr\/\" target=\"_blank\" rel=\"noopener\">www.marinastores.hr<\/a>\n<\/td>\n<td>+385 (0)52 210904<br \/>+385 (0)52 210904<\/td>\n<\/tr>\n<tr>\n<td>&#8211; Lojas Marina, Rijeka<\/td>\n<td>M. <br \/> 3 Bara\u010da 51000 Rijeka<br \/>Hrvatska<\/td>\n<td>\n  <a href=\"mailto:rijeka@lalizas.com\">rijeka@lalizas.com<\/a><br \/>\n  <br \/>\n  <a href=\"https:\/\/www.marinastores.hr\/\" target=\"_blank\" rel=\"noopener\">www.marinastores.hr<\/a>\n<\/td>\n<td>+385 (0)51 343173<br \/>+385 (0)51 343173<\/td>\n<\/tr>\n<tr>\n<td>&#8211; Lojas Marina, Zadar<\/td>\n<td>Franka Lisice 91<br \/>23000 Zadar<br \/>Hrvatska<\/td>\n<td>\n  <a href=\"mailto:zadar@lalizas.com\">zadar@lalizas.com<\/a><br \/>\n  <br \/>\n  <a href=\"https:\/\/www.marinastores.hr\/\" target=\"_blank\" rel=\"noopener\">www.marinastores.hr<\/a>\n<\/td>\n<td>+385 (0)23 302147<br \/>+385 (0)23 302147<\/td>\n<\/tr>\n<tr>\n<td>&#8211; Lojas Marina, Makarska<\/td>\n<td>Kralja Zvonimira 3<br \/>21300 Makarska<br \/>Hrvatska<\/td>\n<td>\n  <a href=\"mailto:makarska@lalizas.com\">makarska@lalizas.com<\/a><br \/>\n  <br \/>\n  <a href=\"https:\/\/www.marinastores.hr\/\" target=\"_blank\" rel=\"noopener\">www.marinastores.hr<\/a>\n<\/td>\n<td>+385 (0)21 679389<br \/>+385 (0)21 679389<\/td>\n<\/tr>\n<tr>\n<td>&#8211; Lojas Marina, Dubrovnik, Gruz<\/td>\n<td>Obala Pape Ivana Pavla II 24<br \/>20000 Dubrovnik<br \/>Hrvatska<\/td>\n<td>\n  <a href=\"mailto:gruz@lalizas.com\">gruz@lalizas.com<\/a><br \/>\n  <br \/>\n  <a href=\"https:\/\/www.marinastores.hr\/\" target=\"_blank\" rel=\"noopener\">www.marinastores.hr<\/a>\n<\/td>\n<td>+385 (0)20 313063<br \/>+385 (0)20 313063<\/td>\n<\/tr>\n<tr>\n<td>&#8211; Lojas Marina, Biograd na Moru<\/td>\n<td>Kralja Petra Sva\u010di\u0107a 14<br \/>23210 Biograd na Moru<br \/>Hrvatska<\/td>\n<td>\n  <a href=\"mailto:biograd@lalizas.com\">biograd@lalizas.com<\/a><br \/>\n  <br \/>\n  <a href=\"https:\/\/www.marinastores.hr\/\" target=\"_blank\" rel=\"noopener\">www.marinastores.hr<\/a>\n<\/td>\n<td>+385 (0)23 700866<br \/>+385 (0)23 700866<\/td>\n<\/tr>\n<tr>\n<td>&#8211; Lojas Marina, Trogir<\/td>\n<td>Coloque Cumbrijana 22<br \/>21220 Trogir<br \/>Hrvatska<\/td>\n<td>\n  <a href=\"mailto:trogir@lalizas.com\">trogir@lalizas.com<\/a><br \/>\n  <br \/>\n  <a href=\"https:\/\/www.marinastores.hr\/\" target=\"_blank\" rel=\"noopener\">www.marinastores.hr<\/a>\n<\/td>\n<td>+385 (0)21 883031<br \/>+385 (0)21 883031<\/td>\n<\/tr>\n<tr>\n<td>&#8211; Lojas Marina, Vodice<\/td>\n<td>Artina bb<br \/>22211 Vodice<br \/>Hrvatska<\/td>\n<td>\n  <a href=\"mailto:vodice@lalizas.com\">vodice@lalizas.com<\/a><br \/>\n  <br \/>\n  <a href=\"https:\/\/www.marinastores.hr\/\" target=\"_blank\" rel=\"noopener\">www.marinastores.hr<\/a>\n<\/td>\n<td>+385 (0)22 247544<br \/>+385 (0)22 247544<\/td>\n<\/tr>\n<tr>\n<td>&#8211; Lojas Marina, Split<\/td>\n<td>colocar 1 Lova\u010dki 21000 Split<br \/>Hrvatska<\/td>\n<td>\n  <a href=\"mailto:split@lalizas.com\">split@lalizas.com<\/a><br \/>\n  <br \/>\n  <a href=\"https:\/\/www.marinastores.hr\/\" target=\"_blank\" rel=\"noopener\">www.marinastores.hr<\/a>\n<\/td>\n<td>+385 (0)21 566683<br \/>+385 (0)21 566683<\/td>\n<\/tr>\n<tr>\n<td>Dominovi\u0107, Zagreb<\/td>\n<td>Hrvatske bratske zajednice 4 <br \/>zgrada NSK<br \/>10001 Zagreb<br \/>Hrvatska<\/td>\n<td>\n  <a href=\"mailto:dominovic@dominovic.hr\">dominovic@dominovic.hr<\/a><br \/>\n  <br \/>\n  <a title=\"www.knjizara-dominovic.hr\" href=\"https:\/\/www.knjizara-dominovic.hr\/proizvodi\/izdavaci\/hrvatski-hidrografski-institut-split\/\" target=\"_blank\" rel=\"noopener\">www.knjizara-dominovic.hr<\/a>\n<\/td>\n<td>+385 (0)1 6150 315<br \/>+385 (0)1 6130 111<\/td>\n<\/tr>\n<tr>\n<td>Navigatore, Pore\u010d<\/td>\n<td>Riva Amfora 7, \u010cervar-Porat<br \/>52440 Pore\u010d<br \/>Hrvatska<\/td>\n<td> <\/td>\n<td>+385 (0)52 436663<br \/>+385 (0)52 436663<\/td>\n<\/tr>\n<tr>\n<td>AC Nautik e.U<\/td>\n<td>Anton Hubmann Platz 1<br \/>8077 G\u00f6ssendorf<br \/>\u00c1ustria<\/td>\n<td>\n  <a href=\"mailto:support@kuestenpatent-kroatien.at\">support@kuestenpatent-kroatien.at<\/a><br \/>\n  <br \/>\n  <a href=\"https:\/\/www.kuestenpatent-kroatien.at\/\" target=\"_blank\" rel=\"noopener\">www.kuestenpatent-kroatien.at<\/a>\n<\/td>\n<td>+43 (0)676 3074163<\/td>\n<\/tr>\n<tr>\n<td>Enciklopedija d.o.o.<\/td>\n<td>Visoka 8<br \/>21000 Split<br \/>Hrvatska<\/td>\n<td> <\/td>\n<td> <\/td>\n<\/tr>\n<tr>\n<td>&#8211; Prodavaonica Split<\/td>\n<td>Drazanac 45<br \/>21000 Split<br \/>Hrvatska<\/td>\n<td>\n  <a href=\"mailto:encinautika@gmail.com\">encinautika@gmail.com<\/a>\n<\/td>\n<td>021 398 406<\/td>\n<\/tr>\n<tr>\n<td>Aurani d.o.o.<\/td>\n<td>Banjol 101<br \/>51280 Rab<br \/>Hrvatska<\/td>\n<td>\n  <a href=\"mailto:aurani@ri.t-com.hr\">aurani@ri.t-com.hr<\/a>\n<\/td>\n<td>051 774 823<br \/>051 725 450<\/td>\n<\/tr>\n<tr>\n<td>&#8211; Prodavaonica 1<\/td>\n<td>Banjol 101<br \/>51280 Rab<br \/>Hrvatska<\/td>\n<td> <\/td>\n<td>051 774 823<br \/>051 725 450<\/td>\n<\/tr>\n<tr>\n<td>&#8211; Prodavaonica 2<\/td>\n<td>Priko 40<br \/>51550 Mali Lo\u0161inj<br \/>Hrvatska<\/td>\n<td>\n  <a href=\"mailto:aurani@ri.t-com.hr\">aurani@ri.t-com.hr<\/a>\n<\/td>\n<td>051 233 399<br \/>051 233 399<\/td>\n<\/tr>\n<tr>\n<td>Delalija trgovina d.o.o.<\/td>\n<td>Petrovaradinska 5a<br \/>10000 Zagreb<br \/>Hrvatska<\/td>\n<td>\n  <a href=\"mailto:delalija-trgovina@zg.t-com.hr\">delalija-trgovina@zg.t-com.hr<\/a><br \/>\n  <br \/>\n  <a href=\"https:\/\/delani.hr\/\" target=\"_blank\" rel=\"noopener\">www.delani.hr<\/a>\n<\/td>\n<td>01 3866 785<br \/>098 299 880<\/td>\n<\/tr>\n<tr>\n<td>Geosustavi, Split<\/td>\n<td>Gunduli\u0107eva 26 <br \/>Dalma &#8211; Dobri<br \/>21000 Split<br \/>Hrvatska<\/td>\n<td>\n  <a href=\"mailto:info@geosustavi.hr\">info@geosustavi.hr<\/a><br \/>\n  <br \/>\n  <a href=\"https:\/\/geosustavi.hr\/\" target=\"_blank\" rel=\"noopener\">www.geosustavi.hr<\/a>\n<\/td>\n<td>+385 (0)21 582208<br \/>+385 (0)21 484556<\/td>\n<\/tr>\n<\/tbody>\n<\/table>\n\t\t\t\t\t\t\t\t<\/div>\n\t\t\t\t<\/div>\n\t\t\t\t\t<\/div>\n\t\t<\/div>\n\t\t\t\t<div class=\"elementor-column elementor-col-25 elementor-top-column elementor-element elementor-element-2bb3060d\" data-id=\"2bb3060d\" data-element_type=\"column\" data-e-type=\"column\">\n\t\t\t<div class=\"elementor-widget-wrap elementor-element-populated\">\n\t\t\t\t\t\t<div class=\"elementor-element elementor-element-3d15bba6 elementor-widget elementor-widget-template\" data-id=\"3d15bba6\" data-element_type=\"widget\" data-e-type=\"widget\" data-widget_type=\"template.default\">\n\t\t\t\t<div class=\"elementor-widget-container\">\n\t\t\t\t\t\t\t<div class=\"elementor-template\">\n\t\t\t\t\t<div data-elementor-type=\"section\" data-elementor-id=\"77219\" class=\"elementor elementor-77219 elementor-76339\" data-elementor-post-type=\"elementor_library\">\n\t\t\t\t\t<section class=\"elementor-section elementor-inner-section elementor-element elementor-element-457e679b elementor-section-full_width elementor-section-height-min-height elementor-section-content-middle elementor-section-height-default\" data-id=\"457e679b\" data-element_type=\"section\" data-e-type=\"section\" data-settings=\"{&quot;background_background&quot;:&quot;classic&quot;}\">\n\t\t\t\t\t\t\t<div class=\"elementor-background-overlay\"><\/div>\n\t\t\t\t\t\t\t<div class=\"elementor-container elementor-column-gap-default\">\n\t\t\t\t\t<div class=\"elementor-column elementor-col-100 elementor-inner-column elementor-element elementor-element-33d83c77\" data-id=\"33d83c77\" data-element_type=\"column\" data-e-type=\"column\">\n\t\t\t<div class=\"elementor-widget-wrap elementor-element-populated\">\n\t\t\t\t\t\t<div class=\"elementor-element elementor-element-26c46f13 elementor-widget elementor-widget-text-editor\" data-id=\"26c46f13\" data-element_type=\"widget\" data-e-type=\"widget\" data-widget_type=\"text-editor.default\">\n\t\t\t\t<div class=\"elementor-widget-container\">\n\t\t\t\t\t\t\t\t\t<p style=\"text-align: center;\">Procurando um barco?<\/p>\n\t\t\t\t\t\t\t\t<\/div>\n\t\t\t\t<\/div>\n\t\t\t\t<div class=\"elementor-element elementor-element-7116d3fc elementor-align-center elementor-widget elementor-widget-button\" data-id=\"7116d3fc\" data-element_type=\"widget\" data-e-type=\"widget\" data-widget_type=\"button.default\">\n\t\t\t\t<div class=\"elementor-widget-container\">\n\t\t\t\t\t\t\t\t\t<div class=\"elementor-button-wrapper\">\n\t\t\t\t\t<a class=\"elementor-button elementor-button-link elementor-size-md\" href=\"https:\/\/skippercity.com\/pt-br\/obter-uma-cotacao-de-aluguer-de-iates-croacia\/\" target=\"_blank\">\n\t\t\t\t\t\t<span class=\"elementor-button-content-wrapper\">\n\t\t\t\t\t\t\t\t\t<span class=\"elementor-button-text\">OBTER UM OR\u00c7AMENTO GRATUITO<\/span>\n\t\t\t\t\t<\/span>\n\t\t\t\t\t<\/a>\n\t\t\t\t<\/div>\n\t\t\t\t\t\t\t\t<\/div>\n\t\t\t\t<\/div>\n\t\t\t\t\t<\/div>\n\t\t<\/div>\n\t\t\t\t\t<\/div>\n\t\t<\/section>\n\t\t\t\t<\/div>\n\t\t\t\t<\/div>\n\t\t\t\t\t\t<\/div>\n\t\t\t\t<\/div>\n\t\t\t\t\t<\/div>\n\t\t<\/div>\n\t\t\t\t\t<\/div>\n\t\t<\/section>\n\t\t\t\t<\/div>\n\t\t","protected":false},"excerpt":{"rendered":"<p>cartas n\u00e1uticas croatas distribuidores autorizados Tabela de Conte\u00fados Gr\u00e1ficos e publica\u00e7\u00f5es em papel HHI est\u00e3o dispon\u00edveis para compra em distribuidores autorizados. Se voc\u00ea est\u00e1 procurando comprar cartas n\u00e1uticas em papel na Cro\u00e1cia, por favor, entre em contato com distribuidores autorizados. Nome Endere\u00e7o Email \/ Web Tel \/ Fax Lojas Marina www.marinastores.hr &#8211; Lojas Marina, Zagreb [&hellip;]<\/p>\n","protected":false},"author":2,"featured_media":71691,"parent":0,"menu_order":0,"comment_status":"closed","ping_status":"closed","template":"","meta":{"footnotes":""},"class_list":["post-73730","page","type-page","status-publish","has-post-thumbnail","hentry"],"_links":{"self":[{"href":"https:\/\/skippercity.com\/pt-br\/wp-json\/wp\/v2\/pages\/73730","targetHints":{"allow":["GET"]}}],"collection":[{"href":"https:\/\/skippercity.com\/pt-br\/wp-json\/wp\/v2\/pages"}],"about":[{"href":"https:\/\/skippercity.com\/pt-br\/wp-json\/wp\/v2\/types\/page"}],"author":[{"embeddable":true,"href":"https:\/\/skippercity.com\/pt-br\/wp-json\/wp\/v2\/users\/2"}],"replies":[{"embeddable":true,"href":"https:\/\/skippercity.com\/pt-br\/wp-json\/wp\/v2\/comments?post=73730"}],"version-history":[{"count":0,"href":"https:\/\/skippercity.com\/pt-br\/wp-json\/wp\/v2\/pages\/73730\/revisions"}],"wp:featuredmedia":[{"embeddable":true,"href":"https:\/\/skippercity.com\/pt-br\/wp-json\/wp\/v2\/media\/71691"}],"wp:attachment":[{"href":"https:\/\/skippercity.com\/pt-br\/wp-json\/wp\/v2\/media?parent=73730"}],"curies":[{"name":"wp","href":"https:\/\/api.w.org\/{rel}","templated":true}]}}