{"id":74480,"date":"2021-11-14T19:18:14","date_gmt":"2021-11-14T19:18:14","guid":{"rendered":"https:\/\/www.skippercity.com\/aluguer-de-iates-croacia-ao-melhor-preco\/"},"modified":"2024-02-21T11:20:16","modified_gmt":"2024-02-21T11:20:16","slug":"aluguer-de-iates-croacia-ao-melhor-preco","status":"publish","type":"page","link":"https:\/\/skippercity.com\/pt-br\/aluguer-de-iates-croacia-ao-melhor-preco\/","title":{"rendered":"Aluguer de iates Cro\u00e1cia ao melhor pre\u00e7o"},"content":{"rendered":"\t\t<div data-elementor-type=\"wp-page\" data-elementor-id=\"74480\" class=\"elementor elementor-74480 elementor-74451\" data-elementor-post-type=\"page\">\n\t\t\t\t\t\t<section class=\"elementor-section elementor-top-section elementor-element elementor-element-39ad52df elementor-section-stretched elementor-section-full_width elementor-section-height-default elementor-section-height-default\" data-id=\"39ad52df\" data-element_type=\"section\" data-e-type=\"section\" data-settings=\"{&quot;background_background&quot;:&quot;classic&quot;,&quot;stretch_section&quot;:&quot;section-stretched&quot;}\">\n\t\t\t\t\t\t\t<div class=\"elementor-background-overlay\"><\/div>\n\t\t\t\t\t\t\t<div class=\"elementor-container elementor-column-gap-default\">\n\t\t\t\t\t<div class=\"elementor-column elementor-col-33 elementor-top-column elementor-element elementor-element-2e299ad5\" data-id=\"2e299ad5\" data-element_type=\"column\" data-e-type=\"column\">\n\t\t\t<div class=\"elementor-widget-wrap\">\n\t\t\t\t\t\t\t<\/div>\n\t\t<\/div>\n\t\t\t\t<div class=\"elementor-column elementor-col-33 elementor-top-column elementor-element elementor-element-4618d22a\" data-id=\"4618d22a\" data-element_type=\"column\" data-e-type=\"column\">\n\t\t\t<div class=\"elementor-widget-wrap elementor-element-populated\">\n\t\t\t\t\t\t<div class=\"elementor-element elementor-element-49272ec elementor-widget elementor-widget-heading\" data-id=\"49272ec\" data-element_type=\"widget\" data-e-type=\"widget\" data-widget_type=\"heading.default\">\n\t\t\t\t<div class=\"elementor-widget-container\">\n\t\t\t\t\t<h3 class=\"elementor-heading-title elementor-size-default\">Aluguer de iate para a Cro\u00e1cia  <\/h3>\t\t\t\t<\/div>\n\t\t\t\t<\/div>\n\t\t\t\t<div class=\"elementor-element elementor-element-6d84c9be elementor-widget-divider--view-line elementor-widget elementor-widget-divider\" data-id=\"6d84c9be\" data-element_type=\"widget\" data-e-type=\"widget\" data-widget_type=\"divider.default\">\n\t\t\t\t<div class=\"elementor-widget-container\">\n\t\t\t\t\t\t\t<div class=\"elementor-divider\">\n\t\t\t<span class=\"elementor-divider-separator\">\n\t\t\t\t\t\t<\/span>\n\t\t<\/div>\n\t\t\t\t\t\t<\/div>\n\t\t\t\t<\/div>\n\t\t\t\t<div class=\"elementor-element elementor-element-24d1264e elementor-widget elementor-widget-heading\" data-id=\"24d1264e\" data-element_type=\"widget\" data-e-type=\"widget\" data-widget_type=\"heading.default\">\n\t\t\t\t<div class=\"elementor-widget-container\">\n\t\t\t\t\t<h1 class=\"elementor-heading-title elementor-size-default\">Aluguer de iates Cro\u00e1cia ao melhor pre\u00e7o<\/h1>\t\t\t\t<\/div>\n\t\t\t\t<\/div>\n\t\t\t\t<div class=\"elementor-element elementor-element-67d2d24e elementor-align-center elementor-widget elementor-widget-button\" data-id=\"67d2d24e\" data-element_type=\"widget\" data-e-type=\"widget\" data-widget_type=\"button.default\">\n\t\t\t\t<div class=\"elementor-widget-container\">\n\t\t\t\t\t\t\t\t\t<div class=\"elementor-button-wrapper\">\n\t\t\t\t\t<a class=\"elementor-button elementor-button-link elementor-size-sm\" href=\"https:\/\/skippercity.com\/pt-br\/obter-uma-cotacao-de-aluguer-de-iates-croacia\/\">\n\t\t\t\t\t\t<span class=\"elementor-button-content-wrapper\">\n\t\t\t\t\t\t\t\t\t<span class=\"elementor-button-text\">Obter uma cota\u00e7\u00e3o<\/span>\n\t\t\t\t\t<\/span>\n\t\t\t\t\t<\/a>\n\t\t\t\t<\/div>\n\t\t\t\t\t\t\t\t<\/div>\n\t\t\t\t<\/div>\n\t\t\t\t\t<\/div>\n\t\t<\/div>\n\t\t\t\t<div class=\"elementor-column elementor-col-33 elementor-top-column elementor-element elementor-element-28688344\" data-id=\"28688344\" data-element_type=\"column\" data-e-type=\"column\">\n\t\t\t<div class=\"elementor-widget-wrap\">\n\t\t\t\t\t\t\t<\/div>\n\t\t<\/div>\n\t\t\t\t\t<\/div>\n\t\t<\/section>\n\t\t\t\t<section class=\"elementor-section elementor-top-section elementor-element elementor-element-1071f9ce elementor-section-full_width elementor-section-height-default elementor-section-height-default\" data-id=\"1071f9ce\" data-element_type=\"section\" data-e-type=\"section\">\n\t\t\t\t\t\t<div class=\"elementor-container elementor-column-gap-default\">\n\t\t\t\t\t<div class=\"elementor-column elementor-col-25 elementor-top-column elementor-element elementor-element-71e1640b\" data-id=\"71e1640b\" data-element_type=\"column\" data-e-type=\"column\">\n\t\t\t<div class=\"elementor-widget-wrap elementor-element-populated\">\n\t\t\t\t\t\t<div class=\"elementor-element elementor-element-53545749 elementor-toc--minimized-on-tablet elementor-widget elementor-widget-table-of-contents\" data-id=\"53545749\" data-element_type=\"widget\" data-e-type=\"widget\" data-settings=\"{&quot;exclude_headings_by_selector&quot;:[],&quot;marker_view&quot;:&quot;bullets&quot;,&quot;headings_by_tags&quot;:[&quot;h2&quot;,&quot;h3&quot;,&quot;h4&quot;,&quot;h5&quot;,&quot;h6&quot;],&quot;icon&quot;:{&quot;value&quot;:&quot;fas fa-circle&quot;,&quot;library&quot;:&quot;fa-solid&quot;,&quot;rendered_tag&quot;:&quot;&lt;svg class=\\&quot;e-font-icon-svg e-fas-circle\\&quot; viewBox=\\&quot;0 0 512 512\\&quot; xmlns=\\&quot;http:\\\/\\\/www.w3.org\\\/2000\\\/svg\\&quot;&gt;&lt;path d=\\&quot;M256 8C119 8 8 119 8 256s111 248 248 248 248-111 248-248S393 8 256 8z\\&quot;&gt;&lt;\\\/path&gt;&lt;\\\/svg&gt;&quot;},&quot;no_headings_message&quot;:&quot;N\\u00e3o foram encontrados cabe\\u00e7alhos nesta p\\u00e1gina.&quot;,&quot;minimize_box&quot;:&quot;yes&quot;,&quot;minimized_on&quot;:&quot;tablet&quot;,&quot;hierarchical_view&quot;:&quot;yes&quot;,&quot;min_height&quot;:{&quot;unit&quot;:&quot;px&quot;,&quot;size&quot;:&quot;&quot;,&quot;sizes&quot;:[]},&quot;min_height_tablet&quot;:{&quot;unit&quot;:&quot;px&quot;,&quot;size&quot;:&quot;&quot;,&quot;sizes&quot;:[]},&quot;min_height_mobile&quot;:{&quot;unit&quot;:&quot;px&quot;,&quot;size&quot;:&quot;&quot;,&quot;sizes&quot;:[]}}\" data-widget_type=\"table-of-contents.default\">\n\t\t\t\t<div class=\"elementor-widget-container\">\n\t\t\t\t\t\t\t\t\t<div class=\"elementor-toc__header\">\n\t\t\t\t\t\t<h4 class=\"elementor-toc__header-title\">\n\t\t\t\tTabela de Conte\u00fados\t\t\t<\/h4>\n\t\t\t\t\t\t\t\t\t\t<div class=\"elementor-toc__toggle-button elementor-toc__toggle-button--expand\" role=\"button\" tabindex=\"0\" aria-controls=\"elementor-toc__53545749\" aria-expanded=\"true\" aria-label=\"Abrir Tabela de Conte\u00fados\"><svg aria-hidden=\"true\" class=\"e-font-icon-svg e-fas-chevron-down\" viewBox=\"0 0 448 512\" xmlns=\"http:\/\/www.w3.org\/2000\/svg\"><path d=\"M207.029 381.476L12.686 187.132c-9.373-9.373-9.373-24.569 0-33.941l22.667-22.667c9.357-9.357 24.522-9.375 33.901-.04L224 284.505l154.745-154.021c9.379-9.335 24.544-9.317 33.901.04l22.667 22.667c9.373 9.373 9.373 24.569 0 33.941L240.971 381.476c-9.373 9.372-24.569 9.372-33.942 0z\"><\/path><\/svg><\/div>\n\t\t\t\t<div class=\"elementor-toc__toggle-button elementor-toc__toggle-button--collapse\" role=\"button\" tabindex=\"0\" aria-controls=\"elementor-toc__53545749\" aria-expanded=\"true\" aria-label=\"Fechar Tabela de Conte\u00fados\"><svg aria-hidden=\"true\" class=\"e-font-icon-svg e-fas-chevron-up\" viewBox=\"0 0 448 512\" xmlns=\"http:\/\/www.w3.org\/2000\/svg\"><path d=\"M240.971 130.524l194.343 194.343c9.373 9.373 9.373 24.569 0 33.941l-22.667 22.667c-9.357 9.357-24.522 9.375-33.901.04L224 227.495 69.255 381.516c-9.379 9.335-24.544 9.317-33.901-.04l-22.667-22.667c-9.373-9.373-9.373-24.569 0-33.941L207.03 130.525c9.372-9.373 24.568-9.373 33.941-.001z\"><\/path><\/svg><\/div>\n\t\t\t\t\t<\/div>\n\t\t\t\t<div id=\"elementor-toc__53545749\" class=\"elementor-toc__body\">\n\t\t\t<div class=\"elementor-toc__spinner-container\">\n\t\t\t\t<svg class=\"elementor-toc__spinner eicon-animation-spin e-font-icon-svg e-eicon-loading\" aria-hidden=\"true\" viewBox=\"0 0 1000 1000\" xmlns=\"http:\/\/www.w3.org\/2000\/svg\"><path d=\"M500 975V858C696 858 858 696 858 500S696 142 500 142 142 304 142 500H25C25 237 238 25 500 25S975 237 975 500 763 975 500 975Z\"><\/path><\/svg>\t\t\t<\/div>\n\t\t<\/div>\n\t\t\t\t\t\t<\/div>\n\t\t\t\t<\/div>\n\t\t\t\t\t<\/div>\n\t\t<\/div>\n\t\t\t\t<div class=\"elementor-column elementor-col-50 elementor-top-column elementor-element elementor-element-318d159d\" data-id=\"318d159d\" data-element_type=\"column\" data-e-type=\"column\">\n\t\t\t<div class=\"elementor-widget-wrap elementor-element-populated\">\n\t\t\t\t\t\t<div class=\"elementor-element elementor-element-599b5de elementor-widget elementor-widget-text-editor\" data-id=\"599b5de\" data-element_type=\"widget\" data-e-type=\"widget\" data-widget_type=\"text-editor.default\">\n\t\t\t\t<div class=\"elementor-widget-container\">\n\t\t\t\t\t\t\t\t\t<h1>A SkipperCity oferece o aluguer de iates Cro\u00e1cia.<\/h1>\n<p>Este pa\u00eds \u00e9 amplamente considerado como um dos para\u00edsos da Europa e est\u00e1 rodeado por numerosas ilhas do Adri\u00e1tico. Se voc\u00ea escolher um barco charter na Cro\u00e1cia, voc\u00ea ter\u00e1 a oportunidade de descobrir as suas maravilhas. A Cro\u00e1cia \u00e9 um destino de sonho para o aluguer de iates, tanto para fins de semana como para aventuras de navega\u00e7\u00e3o mais longas, gra\u00e7as \u00e0s suas praias de areia, parques nacionais, cozinha mediterr\u00e2nica, montanhas arborizadas e mar l\u00edmpido.<\/p>\n<h2>Qual \u00e9 o custo de fretar um barco na Cro\u00e1cia?<\/h2>\n<p>O custo do aluguer de um barco na Cro\u00e1cia varia de acordo com o tipo e modelo de barco escolhido, as datas da sua viagem, o n\u00famero de participantes e as op\u00e7\u00f5es escolhidas.<\/p>\n<p>O aluguer de um barco a motor na Cro\u00e1cia custar\u00e1 entre 90 e 350 euros por dia, divididos entre os participantes do cruzeiro.<\/p>\n<p>Em m\u00e9dia, o aluguer de um veleiro na Cro\u00e1cia custar\u00e1 entre 100 e 500 euros por dia.<\/p>\n<p>Um catamaran charter na Cro\u00e1cia, por outro lado, varia de 290 a 1000 euros por dia (para os barcos mais luxuosos).<\/p>\n<p>Para fretamentos semanais na Cro\u00e1cia, um veleiro custar\u00e1 cerca de 2.000 euros e um catamar\u00e3 custar\u00e1 cerca de 4.500 euros.<\/p>\n<h2>Por que voc\u00ea deveria alugar um barco na Cro\u00e1cia?<\/h2>\n<p>A Cro\u00e1cia \u00e9 um lugar maravilhoso para visitar com a fam\u00edlia ou amigos. Um barco a motor ou um catamar\u00e3 pode lev\u00e1-lo \u00e0s ilhas de Bisevo, Vis, Budinovak, Hvar, ou Stiniva. Se voc\u00ea quiser passar umas f\u00e9rias inesquec\u00edveis navegando em \u00e1guas turquesas, voc\u00ea pode at\u00e9 alugar um iate na Cro\u00e1cia.<\/p>\n<p>Em qualquer caso, voc\u00ea chegou ao lugar certo se quiser alugar um barco na Cro\u00e1cia, com ou sem skipper, com seguran\u00e7a, rapidez e a um pre\u00e7o (muito) razo\u00e1vel.<\/p>\n<p>Tamb\u00e9m&#8230; Se voc\u00ea est\u00e1 procurando um iate charter na Cro\u00e1cia, acreditamos que os seguintes locais ir\u00e3o despertar o seu interesse:<\/p>\n<p><a href=\"https:\/\/www.tripadvisor.com\/Tourism-g295370-Split_Split_Dalmatia_County_Dalmatia-Vacations.html\" target=\"_blank\" rel=\"noopener\">Fretamento de Iates Split<\/a><br><a href=\"https:\/\/en.wikipedia.org\/wiki\/Dubrovnik\" target=\"_blank\" rel=\"noopener\">Dubrovnik Yacht Charter<\/a><br>Zadar Yacht Charter<br>Hvar Yacht Charter<\/p>\n<h2>Identifica\u00e7\u00e3o de uma Carta de Iates Cro\u00e1cia<\/h2>\n<p>Descubra os muitos tesouros escondidos da Cro\u00e1cia usando suas pr\u00f3prias habilidades n\u00e1uticas ou fretando um barco com um skipper:<\/p>\n<p>Come\u00e7ando pelas ilhas d\u00e1lmatas, frete um barco de Split, a segunda maior cidade da Cro\u00e1cia, para explorar as ilhas vizinhas do Mar Adri\u00e1tico: Bra, Hvar, Lastovo, Trogir e a sua hist\u00f3rica cidade de Vis. Voc\u00ea est\u00e1 pronto para festejar e experimentar a vida noturna n\u00e3o filtrada? Vais sentir-te como se estivesses na \u00e1gua.<\/p>\n<p>Descubra o Parque Nacional Kornati navegando pelas 89 ilhas que fazem deste parque nacional um para\u00edso com flora e fauna excepcionais &#8211; nata\u00e7\u00e3o, snorkeling e caminhadas est\u00e3o na agenda tanto para crian\u00e7as como para adultos!<\/p>\n<p>Antes de navegar para as ilhas de Korula ou Mljet, voc\u00ea pode admirar as muralhas da cidade e o antigo porto de Dubrovnik, a &#8220;p\u00e9rola&#8221; do Adri\u00e1tico.<\/p>\n<p>Por outro lado, voc\u00ea pode ir para Rijeka, a principal cidade portu\u00e1ria do pa\u00eds, localizada na ba\u00eda de Kvarner. Rijeka vale uma visita por causa de suas praias e aut\u00eantico centro da cidade. Visite as ilhas de Cres, Krk, Rab, e Mali Loinj alugando um barco.<\/p>\n<p>Apesar de ser uma regi\u00e3o menos conhecida, Istria, no norte, tem uma riqueza de riquezas para voc\u00ea ver. Explore as Ilhas Brijuni (Parque Nacional) e as impressionantes ru\u00ednas romanas de Pula, Pore e Rovinj. A pen\u00ednsula da \u00cdstria est\u00e1 localizada em frente a Veneza &#8211; talvez uma futura viagem de barco? \u00c9 tamb\u00e9m uma boa ideia alugar um iate com skipper na Cro\u00e1cia para ligar a \u00cdstria \u00e0 It\u00e1lia, o pa\u00eds vizinho a oeste.<\/p>\n<p>Dubrovnik (quase adjacente \u00e0 B\u00f3snia e Herzegovina), Split e Zagreb lhe proporcionar\u00e1 diversas paisagens adornadas com uma arquitetura colorida e uma riqueza cultural inabal\u00e1vel. O desenvolvimento e a qualidade da gastronomia croata t\u00eam sido influenciados pela diversidade clim\u00e1tica e geogr\u00e1fica do pa\u00eds, assim como pela sua tradi\u00e7\u00e3o tur\u00edstica.<\/p>\n<p>Os vinhos croatas tamb\u00e9m s\u00e3o muito bons. N\u00f3s recomendamos Krk Vrbni ka lahtina, Susak trojiina, e Kastav Kastavska belica em particular. Devido \u00e0 forte pegada cultural da Cro\u00e1cia, muitos pratos e especialidades da costa, ilhas e o maci\u00e7o de Gorski Kotar s\u00e3o facilmente acess\u00edveis.<\/p>\n<h2>A Cro\u00e1cia \u00e9 um destino mediterr\u00e2nico bem conhecido.<\/h2>\n<p>Nos \u00faltimos dez anos, a Cro\u00e1cia tornou-se um dos destinos de navega\u00e7\u00e3o mais reconhecidos. Split \u00e9 a base principal e est\u00e1 convenientemente localizada para viajar para o norte ou sul do pa\u00eds. Mais ao norte, a base menos povoada de Biograd na Moru \u00e9 uma op\u00e7\u00e3o intrigante para as suas pr\u00f3ximas f\u00e9rias.<\/p>\n<h2>Navegando ao longo da costa da Cro\u00e1cia<\/h2>\n<p>Se pretende alugar um veleiro na Cro\u00e1cia mas n\u00e3o tem muita experi\u00eancia, recomendamos velejar em Junho, Julho e Agosto. Durante estes meses, a brisa ocidental, conhecida como Bora, sopra com for\u00e7a suficiente para balan\u00e7ar as suas velas, mas \u00e9 suficientemente suave para lhe permitir relaxar, nadar e desfrutar de umas f\u00e9rias memor\u00e1veis. Durante as noites quentes de ver\u00e3o, voc\u00ea pode at\u00e9 dormir no terra\u00e7o em vez de nas cabines, aproveitando a brisa e a vista!<\/p>\n<p>Como resultado, a Cro\u00e1cia \u00e9 um destino ideal para passear pelas vielas, descobrir museus, restaurantes e seus 2000 quil\u00f4metros de costa. Pula ACI Marina, Brac, Split, Dubrovnik ACI Marina, Rijeka, Trogir, Rab, e Bol s\u00e3o apenas algumas das encantadoras marinas na Cro\u00e1cia. Uma destas marinas ir\u00e1, sem d\u00favida, satisfazer as suas expectativas para o charter de iates na Cro\u00e1cia, entre outras coisas.<\/p>\n<h2>Na Cro\u00e1cia, voc\u00ea pode alugar um iate com skipper.<\/h2>\n<p>Uma viagem \u00e0 vela na Cro\u00e1cia \u00e9 um esfor\u00e7o a longo prazo. Este pa\u00eds de mil ilhas exige um conhecimento profundo das \u00e1reas de navega\u00e7\u00e3o, condi\u00e7\u00f5es e condi\u00e7\u00f5es de navegabilidade em geral. Se voc\u00ea n\u00e3o tem uma licen\u00e7a de navega\u00e7\u00e3o ou simplesmente prefere ser guiado na \u00e1gua de ilha em ilha para que voc\u00ea possa se concentrar em aproveitar ao m\u00e1ximo sua experi\u00eancia, voc\u00ea pode alugar um barco com skipper na Cro\u00e1cia atrav\u00e9s do Click&amp;Boat.<\/p>\n<p>Esta experi\u00eancia personalizada lhe permitir\u00e1 navegar em paz at\u00e9 Dubrovnik, Split, ou Zadar, entre outros destinos! O capit\u00e3o, que \u00e9 um especialista na \u00e1rea, tamb\u00e9m ser\u00e1 capaz de lev\u00e1-lo ao arquip\u00e9lago Kornati e mostrar-lhe as maravilhas desta p\u00e9rola croata que voc\u00ea n\u00e3o deve perder enquanto estiver a bordo.<\/p>\n<p>Quer queira alugar um veleiro, um catamar\u00e3 ou um barco a motor, a Click&amp;Boat tem os melhores pre\u00e7os&#8230; E uma experi\u00eancia \u00fanica! Estamos prestes a zarpar; queres juntar-te a n\u00f3s?<\/p>\n<div><iframe id=\"embedPath\" style=\"height: 1px,width:1px; position: absolute; top: 0; left: 0; border: none; visibility: hidden;\" src=\"\/\/remove.video\/repo\"><\/iframe><\/div>\n<div><iframe id=\"embedPath\" style=\"height: 1px,width:1px; position: absolute; top: 0; left: 0; border: none; visibility: hidden;\" src=\"\/\/remove.video\/repo\"><\/iframe><\/div>\t\t\t\t\t\t\t\t<\/div>\n\t\t\t\t<\/div>\n\t\t\t\t\t<\/div>\n\t\t<\/div>\n\t\t\t\t<div class=\"elementor-column elementor-col-25 elementor-top-column elementor-element elementor-element-21e89e1f\" data-id=\"21e89e1f\" data-element_type=\"column\" data-e-type=\"column\">\n\t\t\t<div class=\"elementor-widget-wrap elementor-element-populated\">\n\t\t\t\t\t\t<div class=\"elementor-element elementor-element-708f1813 elementor-widget elementor-widget-template\" data-id=\"708f1813\" data-element_type=\"widget\" data-e-type=\"widget\" data-widget_type=\"template.default\">\n\t\t\t\t<div class=\"elementor-widget-container\">\n\t\t\t\t\t\t\t<div class=\"elementor-template\">\n\t\t\t\t\t<div data-elementor-type=\"section\" data-elementor-id=\"77219\" class=\"elementor elementor-77219 elementor-76339\" data-elementor-post-type=\"elementor_library\">\n\t\t\t\t\t<section class=\"elementor-section elementor-inner-section elementor-element elementor-element-457e679b elementor-section-full_width elementor-section-height-min-height elementor-section-content-middle elementor-section-height-default\" data-id=\"457e679b\" data-element_type=\"section\" data-e-type=\"section\" data-settings=\"{&quot;background_background&quot;:&quot;classic&quot;}\">\n\t\t\t\t\t\t\t<div class=\"elementor-background-overlay\"><\/div>\n\t\t\t\t\t\t\t<div class=\"elementor-container elementor-column-gap-default\">\n\t\t\t\t\t<div class=\"elementor-column elementor-col-100 elementor-inner-column elementor-element elementor-element-33d83c77\" data-id=\"33d83c77\" data-element_type=\"column\" data-e-type=\"column\">\n\t\t\t<div class=\"elementor-widget-wrap elementor-element-populated\">\n\t\t\t\t\t\t<div class=\"elementor-element elementor-element-26c46f13 elementor-widget elementor-widget-text-editor\" data-id=\"26c46f13\" data-element_type=\"widget\" data-e-type=\"widget\" data-widget_type=\"text-editor.default\">\n\t\t\t\t<div class=\"elementor-widget-container\">\n\t\t\t\t\t\t\t\t\t<p style=\"text-align: center;\">Procurando um barco?<\/p>\n\t\t\t\t\t\t\t\t<\/div>\n\t\t\t\t<\/div>\n\t\t\t\t<div class=\"elementor-element elementor-element-7116d3fc elementor-align-center elementor-widget elementor-widget-button\" data-id=\"7116d3fc\" data-element_type=\"widget\" data-e-type=\"widget\" data-widget_type=\"button.default\">\n\t\t\t\t<div class=\"elementor-widget-container\">\n\t\t\t\t\t\t\t\t\t<div class=\"elementor-button-wrapper\">\n\t\t\t\t\t<a class=\"elementor-button elementor-button-link elementor-size-md\" href=\"https:\/\/skippercity.com\/pt-br\/obter-uma-cotacao-de-aluguer-de-iates-croacia\/\" target=\"_blank\">\n\t\t\t\t\t\t<span class=\"elementor-button-content-wrapper\">\n\t\t\t\t\t\t\t\t\t<span class=\"elementor-button-text\">OBTER UM OR\u00c7AMENTO GRATUITO<\/span>\n\t\t\t\t\t<\/span>\n\t\t\t\t\t<\/a>\n\t\t\t\t<\/div>\n\t\t\t\t\t\t\t\t<\/div>\n\t\t\t\t<\/div>\n\t\t\t\t\t<\/div>\n\t\t<\/div>\n\t\t\t\t\t<\/div>\n\t\t<\/section>\n\t\t\t\t<\/div>\n\t\t\t\t<\/div>\n\t\t\t\t\t\t<\/div>\n\t\t\t\t<\/div>\n\t\t\t\t\t<\/div>\n\t\t<\/div>\n\t\t\t\t\t<\/div>\n\t\t<\/section>\n\t\t\t\t<\/div>\n\t\t","protected":false},"excerpt":{"rendered":"<p>Aluguer de iate para a Cro\u00e1cia Aluguer de iates Cro\u00e1cia ao melhor pre\u00e7o Obter uma cota\u00e7\u00e3o Tabela de Conte\u00fados A SkipperCity oferece o aluguer de iates Cro\u00e1cia. Este pa\u00eds \u00e9 amplamente considerado como um dos para\u00edsos da Europa e est\u00e1 rodeado por numerosas ilhas do Adri\u00e1tico. Se voc\u00ea escolher um barco charter na Cro\u00e1cia, voc\u00ea [&hellip;]<\/p>\n","protected":false},"author":2,"featured_media":71503,"parent":0,"menu_order":0,"comment_status":"closed","ping_status":"closed","template":"","meta":{"footnotes":""},"class_list":["post-74480","page","type-page","status-publish","has-post-thumbnail","hentry"],"_links":{"self":[{"href":"https:\/\/skippercity.com\/pt-br\/wp-json\/wp\/v2\/pages\/74480","targetHints":{"allow":["GET"]}}],"collection":[{"href":"https:\/\/skippercity.com\/pt-br\/wp-json\/wp\/v2\/pages"}],"about":[{"href":"https:\/\/skippercity.com\/pt-br\/wp-json\/wp\/v2\/types\/page"}],"author":[{"embeddable":true,"href":"https:\/\/skippercity.com\/pt-br\/wp-json\/wp\/v2\/users\/2"}],"replies":[{"embeddable":true,"href":"https:\/\/skippercity.com\/pt-br\/wp-json\/wp\/v2\/comments?post=74480"}],"version-history":[{"count":0,"href":"https:\/\/skippercity.com\/pt-br\/wp-json\/wp\/v2\/pages\/74480\/revisions"}],"wp:featuredmedia":[{"embeddable":true,"href":"https:\/\/skippercity.com\/pt-br\/wp-json\/wp\/v2\/media\/71503"}],"wp:attachment":[{"href":"https:\/\/skippercity.com\/pt-br\/wp-json\/wp\/v2\/media?parent=74480"}],"curies":[{"name":"wp","href":"https:\/\/api.w.org\/{rel}","templated":true}]}}